{"id":92,"date":"2013-03-07T22:44:18","date_gmt":"2013-03-07T20:44:18","guid":{"rendered":"http:\/\/www.kita-krambambuli.de\/wordpress\/?page_id=92"},"modified":"2013-03-07T22:44:18","modified_gmt":"2013-03-07T20:44:18","slug":"eltern-in-der-kita-2","status":"publish","type":"page","link":"https:\/\/kita-krambambuli.de\/wordpress\/?page_id=92","title":{"rendered":"Eltern in der Kita"},"content":{"rendered":"<p>Die Kinder stehen im Mittelpunkt unserer Arbeit, ihr Wohl ist unser Ziel. Um dieses Ziel zu erreichen ist eine vertrauensvolle Atmosph\u00e4re zwischen den Eltern und uns Erzieherinnen und Erziehern sehr wichtig.<\/p>\n<p>Andererseits wissen wir, dass es unseren Eltern sehr wichtig ist zu wissen, dass es Ihren Kindern bei uns gut geht, dass sie sich optimal entwickeln.<\/p>\n<p>Aus beiden Gr\u00fcnden heraus versuchen wir ein m\u00f6glichst gutes, offenes Verh\u00e4ltnis nicht nur zu den Kindern, sondern auch zu ihren Eltern zu pflegen. Geselligkeit spielt dabei eine gro\u00dfe Rolle. Daher gibt es f\u00fcr Eltern folgende offizielle Angebote in unserer Kita:<\/p>\n<p><a style=\"line-height: 1.714285714; font-size: 1rem;\" title=\"Elternabende\" href=\"http:\/\/www.kita-krambambuli.de\/wordpress\/?page_id=163\">Elternabende<\/a><br \/>\n<a style=\"line-height: 1.714285714; font-size: 1rem;\" title=\"Elterngespr\u00e4che\" href=\"http:\/\/www.kita-krambambuli.de\/wordpress\/?page_id=165\">Elterngespr\u00e4che<\/a><br \/>\n<a style=\"line-height: 1.714285714; font-size: 1rem;\" title=\"Elternmitarbeit\" href=\"http:\/\/www.kita-krambambuli.de\/wordpress\/?page_id=167\"><span>Elternmitarbeit<\/span><\/a><br \/>\n<a style=\"line-height: 1.714285714; font-size: 1rem;\" title=\"Elternausschuss\" href=\"http:\/\/www.kita-krambambuli.de\/wordpress\/?page_id=169\">Elternausschuss<\/a><br \/>\n<a style=\"line-height: 1.714285714; font-size: 1rem;\" title=\"Elternstammtisch\" href=\"http:\/\/www.kita-krambambuli.de\/wordpress\/?page_id=173\"><span>Elternstammtisch<\/span><\/a><\/p>\n<p>&nbsp;<\/p>\n","protected":false},"excerpt":{"rendered":"<p>Die Kinder stehen im Mittelpunkt unserer Arbeit, ihr Wohl ist unser Ziel. Um dieses Ziel zu erreichen ist eine vertrauensvolle Atmosph\u00e4re zwischen den Eltern und uns Erzieherinnen und Erziehern sehr wichtig. Andererseits wissen wir, dass es unseren Eltern sehr wichtig &hellip; <a href=\"https:\/\/kita-krambambuli.de\/wordpress\/?page_id=92\">Weiterlesen <span class=\"meta-nav\">&rarr;<\/span><\/a><\/p>\n","protected":false},"author":1,"featured_media":0,"parent":0,"menu_order":0,"comment_status":"closed","ping_status":"closed","template":"","meta":{"_mc_calendar":[],"footnotes":""},"class_list":["post-92","page","type-page","status-publish","hentry"],"_links":{"self":[{"href":"https:\/\/kita-krambambuli.de\/wordpress\/index.php?rest_route=\/wp\/v2\/pages\/92","targetHints":{"allow":["GET"]}}],"collection":[{"href":"https:\/\/kita-krambambuli.de\/wordpress\/index.php?rest_route=\/wp\/v2\/pages"}],"about":[{"href":"https:\/\/kita-krambambuli.de\/wordpress\/index.php?rest_route=\/wp\/v2\/types\/page"}],"author":[{"embeddable":true,"href":"https:\/\/kita-krambambuli.de\/wordpress\/index.php?rest_route=\/wp\/v2\/users\/1"}],"replies":[{"embeddable":true,"href":"https:\/\/kita-krambambuli.de\/wordpress\/index.php?rest_route=%2Fwp%2Fv2%2Fcomments&post=92"}],"version-history":[{"count":0,"href":"https:\/\/kita-krambambuli.de\/wordpress\/index.php?rest_route=\/wp\/v2\/pages\/92\/revisions"}],"wp:attachment":[{"href":"https:\/\/kita-krambambuli.de\/wordpress\/index.php?rest_route=%2Fwp%2Fv2%2Fmedia&parent=92"}],"curies":[{"name":"wp","href":"https:\/\/api.w.org\/{rel}","templated":true}]}}