{"id":895,"date":"2016-03-31T18:22:30","date_gmt":"2016-03-31T16:22:30","guid":{"rendered":"http:\/\/kita-krambambuli.de\/wordpress\/?page_id=895"},"modified":"2017-04-12T11:14:25","modified_gmt":"2017-04-12T09:14:25","slug":"eingewoehnung","status":"publish","type":"page","link":"https:\/\/kita-krambambuli.de\/wordpress\/?page_id=895","title":{"rendered":"Eingew\u00f6hnung"},"content":{"rendered":"<p><strong><b><i><img loading=\"lazy\" decoding=\"async\" class=\"alignleft\" src=\"https:\/\/kita-krambambuli.de\/wordpress\/wp-content\/uploads\/2017\/04\/Sonnenblume-300x300.jpg\" width=\"31\" height=\"31\" \/><\/i><\/b><\/strong><span style=\"color: #000000;\">Unsere Eingew\u00f6hnung\u00a0ist angelehnt an das Berliner Eingew\u00f6hnungsmodell und wird individuell auf jedes einzelne Kind abgestimmt.<\/span><\/p>\n<p><span style=\"color: #000000;\"><b><i><img loading=\"lazy\" decoding=\"async\" class=\"alignleft\" src=\"https:\/\/kita-krambambuli.de\/wordpress\/wp-content\/uploads\/2017\/04\/Sonnenblume-300x300.jpg\" width=\"31\" height=\"31\" \/><\/i><\/b><\/span><\/p>\n<p><span style=\"color: #000000;\">Die Eingew\u00f6hnung ist die Basis unserer p\u00e4dagogischen Arbeit und entscheidend f\u00fcr die weitere Zeit Ihres Kindes in der Krippe.<\/span><\/p>\n<p><span style=\"color: #000000;\"><b><i><img loading=\"lazy\" decoding=\"async\" class=\"alignleft\" src=\"https:\/\/kita-krambambuli.de\/wordpress\/wp-content\/uploads\/2017\/04\/Sonnenblume-300x300.jpg\" width=\"31\" height=\"31\" \/><\/i><\/b><\/span><\/p>\n<p><span style=\"color: #000000;\">Uns ist dabei wichtig, Ihrem Kind eine gezielte Unterst\u00fctzung zu bieten. Um dies zu gew\u00e4hrleisten, bedarf es einer konstanten Begleitung Ihrerseits und unsererseits.<\/span><\/p>\n<p>&nbsp;<\/p>\n<p>&nbsp;<\/p>\n","protected":false},"excerpt":{"rendered":"<p>Unsere Eingew\u00f6hnung\u00a0ist angelehnt an das Berliner Eingew\u00f6hnungsmodell und wird individuell auf jedes einzelne Kind abgestimmt. Die Eingew\u00f6hnung ist die Basis unserer p\u00e4dagogischen Arbeit und entscheidend f\u00fcr die weitere Zeit Ihres Kindes in der Krippe. Uns ist dabei wichtig, Ihrem Kind &hellip; <a href=\"https:\/\/kita-krambambuli.de\/wordpress\/?page_id=895\">Weiterlesen <span class=\"meta-nav\">&rarr;<\/span><\/a><\/p>\n","protected":false},"author":1,"featured_media":0,"parent":779,"menu_order":0,"comment_status":"closed","ping_status":"closed","template":"","meta":{"_mc_calendar":[],"footnotes":""},"class_list":["post-895","page","type-page","status-publish","hentry"],"_links":{"self":[{"href":"https:\/\/kita-krambambuli.de\/wordpress\/index.php?rest_route=\/wp\/v2\/pages\/895","targetHints":{"allow":["GET"]}}],"collection":[{"href":"https:\/\/kita-krambambuli.de\/wordpress\/index.php?rest_route=\/wp\/v2\/pages"}],"about":[{"href":"https:\/\/kita-krambambuli.de\/wordpress\/index.php?rest_route=\/wp\/v2\/types\/page"}],"author":[{"embeddable":true,"href":"https:\/\/kita-krambambuli.de\/wordpress\/index.php?rest_route=\/wp\/v2\/users\/1"}],"replies":[{"embeddable":true,"href":"https:\/\/kita-krambambuli.de\/wordpress\/index.php?rest_route=%2Fwp%2Fv2%2Fcomments&post=895"}],"version-history":[{"count":7,"href":"https:\/\/kita-krambambuli.de\/wordpress\/index.php?rest_route=\/wp\/v2\/pages\/895\/revisions"}],"predecessor-version":[{"id":1209,"href":"https:\/\/kita-krambambuli.de\/wordpress\/index.php?rest_route=\/wp\/v2\/pages\/895\/revisions\/1209"}],"up":[{"embeddable":true,"href":"https:\/\/kita-krambambuli.de\/wordpress\/index.php?rest_route=\/wp\/v2\/pages\/779"}],"wp:attachment":[{"href":"https:\/\/kita-krambambuli.de\/wordpress\/index.php?rest_route=%2Fwp%2Fv2%2Fmedia&parent=895"}],"curies":[{"name":"wp","href":"https:\/\/api.w.org\/{rel}","templated":true}]}}