{"id":870,"date":"2016-03-31T14:00:38","date_gmt":"2016-03-31T12:00:38","guid":{"rendered":"http:\/\/kita-krambambuli.de\/wordpress\/?page_id=870"},"modified":"2020-01-25T12:17:41","modified_gmt":"2020-01-25T10:17:41","slug":"oeffnungszeiten","status":"publish","type":"page","link":"https:\/\/kita-krambambuli.de\/wordpress\/?page_id=870","title":{"rendered":"\u00d6ffnungs- und Betreuungszeiten der Krippe Krambambuli"},"content":{"rendered":"<p>In zwei Gruppen mit je 12 Pl\u00e4tzen ab 12 Monaten bis zum Eintritt in den Kindergarten werden die Krippenkinder im ersten Stock unserer Kindertagesst\u00e4tte betreut.<\/p>\n<p>Die Betreuungszeit ist jeweils von 7:30 Uhr bis 17:00 Uhr und setzt sich aus Halbtags-, Ganztags-, und Dreiviertelpl\u00e4tzen zusammen.<\/p>\n<p>Ab 7:30 Uhr \u00f6ffnet die Krippe mit einer Krippengruppe, die alle Kinder zun\u00e4chst empf\u00e4ngt. Um zirka 8:30 Uhr teilen sich Kinder und das Krippenteam in zwei Gruppen auf.<\/p>\n<p><u>Abholzeit f\u00fcr einen: <\/u><\/p>\n<ol>\n<li>a) Halbtagsplatz ist bis 12:00 Uhr mit Mittagessen<\/li>\n<li>b) Dreiviertelplatz ist bis 14:30 Uhr mit Mittagessen<\/li>\n<li>b) Ganztagsplatz ist bis 17:00 Uhr mit Mittagessen<\/li>\n<\/ol>\n<p>Au\u00dferdem erhalten die Kinder bei uns t\u00e4glich ein gesundes Fr\u00fchst\u00fcck sowie ein frisch zubereitetes Mittagessen.<\/p>\n","protected":false},"excerpt":{"rendered":"<p>In zwei Gruppen mit je 12 Pl\u00e4tzen ab 12 Monaten bis zum Eintritt in den Kindergarten werden die Krippenkinder im ersten Stock unserer Kindertagesst\u00e4tte betreut. Die Betreuungszeit ist jeweils von 7:30 Uhr bis 17:00 Uhr und setzt sich aus Halbtags-, &hellip; <a href=\"https:\/\/kita-krambambuli.de\/wordpress\/?page_id=870\">Weiterlesen <span class=\"meta-nav\">&rarr;<\/span><\/a><\/p>\n","protected":false},"author":1,"featured_media":0,"parent":779,"menu_order":0,"comment_status":"closed","ping_status":"closed","template":"","meta":{"_mc_calendar":[],"footnotes":""},"class_list":["post-870","page","type-page","status-publish","hentry"],"_links":{"self":[{"href":"https:\/\/kita-krambambuli.de\/wordpress\/index.php?rest_route=\/wp\/v2\/pages\/870","targetHints":{"allow":["GET"]}}],"collection":[{"href":"https:\/\/kita-krambambuli.de\/wordpress\/index.php?rest_route=\/wp\/v2\/pages"}],"about":[{"href":"https:\/\/kita-krambambuli.de\/wordpress\/index.php?rest_route=\/wp\/v2\/types\/page"}],"author":[{"embeddable":true,"href":"https:\/\/kita-krambambuli.de\/wordpress\/index.php?rest_route=\/wp\/v2\/users\/1"}],"replies":[{"embeddable":true,"href":"https:\/\/kita-krambambuli.de\/wordpress\/index.php?rest_route=%2Fwp%2Fv2%2Fcomments&post=870"}],"version-history":[{"count":5,"href":"https:\/\/kita-krambambuli.de\/wordpress\/index.php?rest_route=\/wp\/v2\/pages\/870\/revisions"}],"predecessor-version":[{"id":1466,"href":"https:\/\/kita-krambambuli.de\/wordpress\/index.php?rest_route=\/wp\/v2\/pages\/870\/revisions\/1466"}],"up":[{"embeddable":true,"href":"https:\/\/kita-krambambuli.de\/wordpress\/index.php?rest_route=\/wp\/v2\/pages\/779"}],"wp:attachment":[{"href":"https:\/\/kita-krambambuli.de\/wordpress\/index.php?rest_route=%2Fwp%2Fv2%2Fmedia&parent=870"}],"curies":[{"name":"wp","href":"https:\/\/api.w.org\/{rel}","templated":true}]}}