{"id":86,"date":"2013-03-07T22:43:04","date_gmt":"2013-03-07T20:43:04","guid":{"rendered":"http:\/\/www.kita-krambambuli.de\/wordpress\/?page_id=86"},"modified":"2016-04-08T10:18:23","modified_gmt":"2016-04-08T08:18:23","slug":"konzept-2","status":"publish","type":"page","link":"https:\/\/kita-krambambuli.de\/wordpress\/?page_id=86","title":{"rendered":"Konzept der Kindertagesst\u00e4tte Krambambuli"},"content":{"rendered":"<p>Im M\u00e4rz 2015 wurden die neuen R\u00e4ume der Krippe im Obergeschoss der Ev. Kita Krambambuli der Miriamgemeinde er\u00f6ffnet. Bis zu 12 Kinder k\u00f6nnen jeweils in einer der beiden Gruppen betreut werden. F\u00fcr die Gruppen stehen 3 R\u00e4ume zur Verf\u00fcgung, wobei der Bewegungsraum und das Atelier sowie der gro\u00dfe Flur gemeinsam genutzt werden.<\/p>\n<p><a href=\"https:\/\/kita-krambambuli.de\/wordpress\/wp-content\/uploads\/2016\/03\/Konzept1.jpg\" rel=\"attachment wp-att-880\"><img loading=\"lazy\" decoding=\"async\" class=\"wp-image-880 alignleft\" src=\"https:\/\/kita-krambambuli.de\/wordpress\/wp-content\/uploads\/2016\/03\/Konzept1-300x224.jpg\" alt=\"Konzept1\" width=\"195\" height=\"145\" srcset=\"https:\/\/kita-krambambuli.de\/wordpress\/wp-content\/uploads\/2016\/03\/Konzept1-300x224.jpg 300w, https:\/\/kita-krambambuli.de\/wordpress\/wp-content\/uploads\/2016\/03\/Konzept1.jpg 437w\" sizes=\"auto, (max-width: 195px) 100vw, 195px\" \/><\/a><a href=\"https:\/\/kita-krambambuli.de\/wordpress\/wp-content\/uploads\/2016\/03\/Konzept2.jpg\" rel=\"attachment wp-att-881\"><img loading=\"lazy\" decoding=\"async\" class=\"wp-image-881 alignnone\" src=\"https:\/\/kita-krambambuli.de\/wordpress\/wp-content\/uploads\/2016\/03\/Konzept2-300x225.jpg\" alt=\"Konzept2\" width=\"195\" height=\"146\" srcset=\"https:\/\/kita-krambambuli.de\/wordpress\/wp-content\/uploads\/2016\/03\/Konzept2-300x225.jpg 300w, https:\/\/kita-krambambuli.de\/wordpress\/wp-content\/uploads\/2016\/03\/Konzept2.jpg 504w\" sizes=\"auto, (max-width: 195px) 100vw, 195px\" \/><\/a><a href=\"https:\/\/kita-krambambuli.de\/wordpress\/wp-content\/uploads\/2016\/03\/konzept3.jpg\" rel=\"attachment wp-att-882\"><img loading=\"lazy\" decoding=\"async\" class=\"wp-image-882 alignright\" src=\"https:\/\/kita-krambambuli.de\/wordpress\/wp-content\/uploads\/2016\/03\/konzept3-300x225.jpg\" alt=\"konzept3\" width=\"195\" height=\"146\" srcset=\"https:\/\/kita-krambambuli.de\/wordpress\/wp-content\/uploads\/2016\/03\/konzept3-300x225.jpg 300w, https:\/\/kita-krambambuli.de\/wordpress\/wp-content\/uploads\/2016\/03\/konzept3.jpg 463w\" sizes=\"auto, (max-width: 195px) 100vw, 195px\" \/><\/a><\/p>\n<p>Unser p\u00e4dagogisches Konzept ist nach dem Ansatz der <strong>Pikler- P\u00e4dagogik<\/strong> ausgerichtet und steht f\u00fcr einen feinf\u00fchligen und wertsch\u00e4tzenden Umgang mit dem Kind im Mittelpunkt, welcher auch die achtsame Pflege beinhaltet.<\/p>\n<p>In den anderen beiden Bereichen der Kindertagesst\u00e4tte arbeiten wir bereits viele Jahre in einem offenen Konzept, wobei im Kindergartenbereich die Kinder noch einer Stammgruppe zugeordnet sind, w\u00e4hrend im Hort alle Kinder einer Gro\u00dfgruppe angeh\u00f6ren. F\u00fcr beide Bereiche gibt es Neigungsgruppen, welche sich an den Bed\u00fcrfnissen und Themen der Kinder orientieren. Die Kinder w\u00e4hlen, zum gr\u00f6\u00dften Teil selbst, welche Neigungsgruppe sie \u00fcber einen bestimmten Zeitraum besuchen m\u00f6chten. Das offene Konzept entspricht vor allem auch dem <strong><a href=\"https:\/\/bep.hessen.de\/irj\/BEP_Internet\" target=\"_blank\">Hessischen Bildungs- und Erziehungsplan f\u00fcr Kinder im Alter von 0-10 Jahren<\/a>.<\/strong><\/p>\n<p>Besonders wichtig ist es uns, die Kinder zu selbstst\u00e4ndigen, selbstbewussten Pers\u00f6nlichkeiten zu erziehen. Wir legen viel Wert auf Mitbestimmung der Kinder und versuchen die Themen der Kinder einzubauen und gemeinsam mit ihnen zu erarbeiten. Dies findet sich in der Einrichtung der R\u00e4ume wieder.<\/p>\n<p><a href=\"https:\/\/kita-krambambuli.de\/wordpress\/wp-content\/uploads\/2016\/03\/konzept4.jpg\" rel=\"attachment wp-att-883\"><img loading=\"lazy\" decoding=\"async\" class=\"size-medium wp-image-883 aligncenter\" src=\"https:\/\/kita-krambambuli.de\/wordpress\/wp-content\/uploads\/2016\/03\/konzept4-300x225.jpg\" alt=\"konzept4\" width=\"300\" height=\"225\" srcset=\"https:\/\/kita-krambambuli.de\/wordpress\/wp-content\/uploads\/2016\/03\/konzept4-300x225.jpg 300w, https:\/\/kita-krambambuli.de\/wordpress\/wp-content\/uploads\/2016\/03\/konzept4.jpg 585w\" sizes=\"auto, (max-width: 300px) 100vw, 300px\" \/><\/a>Jeder der R\u00e4ume im Kita-Bereich beherbergt einen Schwerpunkt f\u00fcr das Spiel der Kinder. So finden sich z.B. in einem Raum viele M\u00f6glichkeiten zum Bauen und Experimentieren wieder, w\u00e4hrend der vordere Raum zum Bauen und Konstruieren einl\u00e4dt. Kinder, die sich f\u00fcr Farben und Kreatives interessieren, wird man h\u00e4ufig in dem hinteren Raum antreffen. W\u00e4hrend der Turnraum die Kinder eher zum Bewegen, Toben, H\u00fcpfen, Klettern und Tanzen auffordert, k\u00f6nnen die Kinder sich im Rollenspielraum dagegen verkleiden und Situationen aus ihrem Alltag nachspielen.<\/p>\n<p>Au\u00dferdem ist uns die Freispielzeit wichtig, hier k\u00f6nnen Kinder selbst entscheiden, was,\u00a0 mit wem oder wo sie spielen. W\u00e4hrend dieser Zeit finden parallel aber auch angeleitete T\u00e4tigkeiten der Erzieher (Kreativangebote, Malen\u2026) statt, denen sich die Kinder dann selbst zuordnen. Um die Kinder anzuregen auch mit Materialien zu experimentieren, befinden sich viele unserer Materialen in Schubladen mit Sichtfenster, damit die Kinder motiviert werden auf diese zuzugreifen und Ideen zu entwickeln.<\/p>\n<p><a href=\"https:\/\/kita-krambambuli.de\/wordpress\/wp-content\/uploads\/2016\/03\/Konzept5.png\" rel=\"attachment wp-att-884\"><img loading=\"lazy\" decoding=\"async\" class=\"size-medium wp-image-884 alignnone\" src=\"https:\/\/kita-krambambuli.de\/wordpress\/wp-content\/uploads\/2016\/03\/Konzept5-300x225.png\" alt=\"Konzept5\" width=\"300\" height=\"225\" srcset=\"https:\/\/kita-krambambuli.de\/wordpress\/wp-content\/uploads\/2016\/03\/Konzept5-300x225.png 300w, https:\/\/kita-krambambuli.de\/wordpress\/wp-content\/uploads\/2016\/03\/Konzept5.png 436w\" sizes=\"auto, (max-width: 300px) 100vw, 300px\" \/><\/a><a href=\"https:\/\/kita-krambambuli.de\/wordpress\/wp-content\/uploads\/2016\/03\/konzept6.jpg\" rel=\"attachment wp-att-885\"><img loading=\"lazy\" decoding=\"async\" class=\"size-medium wp-image-885 alignright\" src=\"https:\/\/kita-krambambuli.de\/wordpress\/wp-content\/uploads\/2016\/03\/konzept6-300x225.jpg\" alt=\"konzept6\" width=\"300\" height=\"225\" srcset=\"https:\/\/kita-krambambuli.de\/wordpress\/wp-content\/uploads\/2016\/03\/konzept6-300x225.jpg 300w, https:\/\/kita-krambambuli.de\/wordpress\/wp-content\/uploads\/2016\/03\/konzept6.jpg 646w\" sizes=\"auto, (max-width: 300px) 100vw, 300px\" \/><\/a><\/p>\n<p>Um die Kinder ganzheitlich zu f\u00f6rdern legen wir gro\u00dfen Wert auf <u><a href=\"https:\/\/kita-krambambuli.de\/wordpress\/?page_id=157\">Bewegung<\/a><\/u>, darum wird man uns auch oft auf unserem gro\u00dfz\u00fcgigen Au\u00dfengel\u00e4nde wiederfinden, und das auch manchmal bei leichtem Regen. Hier k\u00f6nnen sich die Kinder austoben, balancieren und klettern \u00fcben und viele Dinge in der freien Natur erforschen oder sich in Geb\u00fcschen verstecken, um dort \u201eungest\u00f6rt\u201c zu spielen.<\/p>\n<p>In unserer Kita ist noch besonders, dass sich die Hortkinder den Kreativ-, den Rollenspiel- und den Bewegungsraum teilen. Oftmals finden Angebote und freies Spiel alters\u00fcbergreifend statt, manchmal ziehen sich auch einzelne Gruppen in den R\u00e4umen zur\u00fcck.<\/p>\n<p><a href=\"https:\/\/kita-krambambuli.de\/wordpress\/wp-content\/uploads\/2016\/03\/konzept7-e1459432237156.jpg\" rel=\"attachment wp-att-886\"><img loading=\"lazy\" decoding=\"async\" class=\"wp-image-886 alignleft\" src=\"https:\/\/kita-krambambuli.de\/wordpress\/wp-content\/uploads\/2016\/03\/konzept7-e1459432237156-225x300.jpg\" alt=\"konzept7\" width=\"174\" height=\"232\" srcset=\"https:\/\/kita-krambambuli.de\/wordpress\/wp-content\/uploads\/2016\/03\/konzept7-e1459432237156-225x300.jpg 225w, https:\/\/kita-krambambuli.de\/wordpress\/wp-content\/uploads\/2016\/03\/konzept7-e1459432237156.jpg 382w\" sizes=\"auto, (max-width: 174px) 100vw, 174px\" \/><\/a>Ansonsten haben die Hortkinder noch einen Bau- und Kickerraum, einen Chillraum, einen Spiel- und Computerraum und einen Essraum, in dem auch Hausaufgaben gemacht werden.<\/p>\n<p><a href=\"https:\/\/kita-krambambuli.de\/wordpress\/wp-content\/uploads\/2016\/03\/konzept8.jpg\" rel=\"attachment wp-att-887\"><img loading=\"lazy\" decoding=\"async\" class=\"alignnone wp-image-887\" src=\"https:\/\/kita-krambambuli.de\/wordpress\/wp-content\/uploads\/2016\/03\/konzept8-300x225.jpg\" alt=\"konzept8\" width=\"209\" height=\"157\" srcset=\"https:\/\/kita-krambambuli.de\/wordpress\/wp-content\/uploads\/2016\/03\/konzept8-300x225.jpg 300w, https:\/\/kita-krambambuli.de\/wordpress\/wp-content\/uploads\/2016\/03\/konzept8.jpg 689w\" sizes=\"auto, (max-width: 209px) 100vw, 209px\" \/><\/a><a href=\"https:\/\/kita-krambambuli.de\/wordpress\/wp-content\/uploads\/2016\/03\/konzept9.jpg\" rel=\"attachment wp-att-888\"><img loading=\"lazy\" decoding=\"async\" class=\"wp-image-888 alignright\" src=\"https:\/\/kita-krambambuli.de\/wordpress\/wp-content\/uploads\/2016\/03\/konzept9-300x225.jpg\" alt=\"konzept9\" width=\"206\" height=\"154\" srcset=\"https:\/\/kita-krambambuli.de\/wordpress\/wp-content\/uploads\/2016\/03\/konzept9-300x225.jpg 300w, https:\/\/kita-krambambuli.de\/wordpress\/wp-content\/uploads\/2016\/03\/konzept9.jpg 648w\" sizes=\"auto, (max-width: 206px) 100vw, 206px\" \/><\/a><\/p>\n<p>Alle Kinder haben zus\u00e4tzlich die M\u00f6glichkeit, unseren Intensivraum zu nutzen, der gerade zu einem Musik- und B\u00fccherzimmer umgebaut wird. W\u00e4hrend die j\u00fcngeren Kinder gerne die Musikinstrumente nutzen, bietet der Raum auch Platz f\u00fcr das Erledigen der Hausaufgaben der Gro\u00dfen.<\/p>\n<p>Ganz beliebt sind unsere \u00dcbernachtungen der Kita-Kinder, die Freizeit der Dinokinder (die Gro\u00dfen, die im Sommer in die Schule kommen), die Hort\u00fcbernachtung sowie die Herbstfreizeit der Hortkinder.<br \/>\nAu\u00dferdem erkundigen wir gerne mit den Kindern Kalbach, spielen am Bach und machen Ausfl\u00fcge in der Umgebung Frankfurts.<\/p>\n","protected":false},"excerpt":{"rendered":"<p>Im M\u00e4rz 2015 wurden die neuen R\u00e4ume der Krippe im Obergeschoss der Ev. Kita Krambambuli der Miriamgemeinde er\u00f6ffnet. Bis zu 12 Kinder k\u00f6nnen jeweils in einer der beiden Gruppen betreut werden. F\u00fcr die Gruppen stehen 3 R\u00e4ume zur Verf\u00fcgung, wobei &hellip; <a href=\"https:\/\/kita-krambambuli.de\/wordpress\/?page_id=86\">Weiterlesen <span class=\"meta-nav\">&rarr;<\/span><\/a><\/p>\n","protected":false},"author":1,"featured_media":0,"parent":0,"menu_order":0,"comment_status":"closed","ping_status":"closed","template":"","meta":{"_mc_calendar":[],"footnotes":""},"class_list":["post-86","page","type-page","status-publish","hentry"],"_links":{"self":[{"href":"https:\/\/kita-krambambuli.de\/wordpress\/index.php?rest_route=\/wp\/v2\/pages\/86","targetHints":{"allow":["GET"]}}],"collection":[{"href":"https:\/\/kita-krambambuli.de\/wordpress\/index.php?rest_route=\/wp\/v2\/pages"}],"about":[{"href":"https:\/\/kita-krambambuli.de\/wordpress\/index.php?rest_route=\/wp\/v2\/types\/page"}],"author":[{"embeddable":true,"href":"https:\/\/kita-krambambuli.de\/wordpress\/index.php?rest_route=\/wp\/v2\/users\/1"}],"replies":[{"embeddable":true,"href":"https:\/\/kita-krambambuli.de\/wordpress\/index.php?rest_route=%2Fwp%2Fv2%2Fcomments&post=86"}],"version-history":[{"count":7,"href":"https:\/\/kita-krambambuli.de\/wordpress\/index.php?rest_route=\/wp\/v2\/pages\/86\/revisions"}],"predecessor-version":[{"id":949,"href":"https:\/\/kita-krambambuli.de\/wordpress\/index.php?rest_route=\/wp\/v2\/pages\/86\/revisions\/949"}],"wp:attachment":[{"href":"https:\/\/kita-krambambuli.de\/wordpress\/index.php?rest_route=%2Fwp%2Fv2%2Fmedia&parent=86"}],"curies":[{"name":"wp","href":"https:\/\/api.w.org\/{rel}","templated":true}]}}