{"id":83,"date":"2013-03-07T22:41:53","date_gmt":"2013-03-07T20:41:53","guid":{"rendered":"http:\/\/www.kita-krambambuli.de\/wordpress\/?page_id=83"},"modified":"2016-03-31T13:03:49","modified_gmt":"2016-03-31T11:03:49","slug":"hort-2","status":"publish","type":"page","link":"https:\/\/kita-krambambuli.de\/wordpress\/?page_id=83","title":{"rendered":"Hort"},"content":{"rendered":"<p>Unser Hort betreut Grundschulkinder bis zum \u00dcbergang in eine weiterf\u00fchrende Schulform. Die Betreuungszeit beginnt w\u00e4hrend der Schulzeit nach der Schule<br \/>\nab 11:30 Uhr und endet um 17:00 Uhr.<\/p>\n<p>Ihr Kind wird hier mit einer warmen Mittagsmahlzeit und einem Nachmittags-Snack versorgt. Beides wird in unserer <a title=\"Essen und Trinken\" href=\"http:\/\/www.kita-krambambuli.de\/wordpress\/?page_id=153\">Kindertagesst\u00e4ttenk\u00fcche<\/a> mit frischen und gesunden Zutaten hergestellt.<\/p>\n<p>Ebenso bieten wir eine Hausaufgabenbetreuung an. Hier erledigt Ihr Kind seine Hausaufgaben und hat jederzeit die M\u00f6glichkeit, bei Unklarheiten auf unsere geschulten P\u00e4dagogen zur\u00fcckzugreifen. Diese werden Ihrem Kind helfen, die gestellten Aufgaben selbstst\u00e4ndig zu l\u00f6sen.<\/p>\n<p>Nach der Pflicht folgt die K\u00fcr und die Kinder haben vielf\u00e4ltige M\u00f6glichkeiten sich in unseren Hort-R\u00e4umlichkeiten und auf dem gro\u00dfz\u00fcgigen Au\u00dfengel\u00e4nde zu besch\u00e4ftigen und auszutoben.<\/p>\n<p>Abgesehen von den angebotenen Neigungsgruppen (Filme selbst drehen, Krippenspiel, etc.) organisieren wir unterschiedlichste Ausfl\u00fcge. Unter anderem veranstalten wir einmal j\u00e4hrlich f\u00fcr unsere Hort-Kinder eine 5-t\u00e4gige Hort-Freizeit und eine Zelt-\u00dcbernachtung auf dem Kindergartengel\u00e4nde.<\/p>\n","protected":false},"excerpt":{"rendered":"<p>Unser Hort betreut Grundschulkinder bis zum \u00dcbergang in eine weiterf\u00fchrende Schulform. Die Betreuungszeit beginnt w\u00e4hrend der Schulzeit nach der Schule ab 11:30 Uhr und endet um 17:00 Uhr. Ihr Kind wird hier mit einer warmen Mittagsmahlzeit und einem Nachmittags-Snack versorgt. &hellip; <a href=\"https:\/\/kita-krambambuli.de\/wordpress\/?page_id=83\">Weiterlesen <span class=\"meta-nav\">&rarr;<\/span><\/a><\/p>\n","protected":false},"author":1,"featured_media":0,"parent":0,"menu_order":0,"comment_status":"closed","ping_status":"closed","template":"","meta":{"_mc_calendar":[],"footnotes":""},"class_list":["post-83","page","type-page","status-publish","hentry"],"_links":{"self":[{"href":"https:\/\/kita-krambambuli.de\/wordpress\/index.php?rest_route=\/wp\/v2\/pages\/83","targetHints":{"allow":["GET"]}}],"collection":[{"href":"https:\/\/kita-krambambuli.de\/wordpress\/index.php?rest_route=\/wp\/v2\/pages"}],"about":[{"href":"https:\/\/kita-krambambuli.de\/wordpress\/index.php?rest_route=\/wp\/v2\/types\/page"}],"author":[{"embeddable":true,"href":"https:\/\/kita-krambambuli.de\/wordpress\/index.php?rest_route=\/wp\/v2\/users\/1"}],"replies":[{"embeddable":true,"href":"https:\/\/kita-krambambuli.de\/wordpress\/index.php?rest_route=%2Fwp%2Fv2%2Fcomments&post=83"}],"version-history":[{"count":2,"href":"https:\/\/kita-krambambuli.de\/wordpress\/index.php?rest_route=\/wp\/v2\/pages\/83\/revisions"}],"predecessor-version":[{"id":856,"href":"https:\/\/kita-krambambuli.de\/wordpress\/index.php?rest_route=\/wp\/v2\/pages\/83\/revisions\/856"}],"wp:attachment":[{"href":"https:\/\/kita-krambambuli.de\/wordpress\/index.php?rest_route=%2Fwp%2Fv2%2Fmedia&parent=83"}],"curies":[{"name":"wp","href":"https:\/\/api.w.org\/{rel}","templated":true}]}}