{"id":80,"date":"2013-03-07T22:41:01","date_gmt":"2013-03-07T20:41:01","guid":{"rendered":"http:\/\/www.kita-krambambuli.de\/wordpress\/?page_id=80"},"modified":"2013-03-07T22:41:01","modified_gmt":"2013-03-07T20:41:01","slug":"kindergarten-2","status":"publish","type":"page","link":"https:\/\/kita-krambambuli.de\/wordpress\/?page_id=80","title":{"rendered":"Kindergarten"},"content":{"rendered":"<p>Unser Kindergarten betreut in drei Stammgruppen insgesamt um die 60 Kinder, sodass jede Gruppe etwa 20 \u201eKinderst\u00e4rken\u201c aufweist.\u00a0 In diesen altersgemischten Gruppen befinden sich Kinder ab 3 Jahren bis zum \u00dcbergang in die Grundschule.<\/p>\n<p>Die Kinder k\u00f6nnen sich in einer kindgerechten und spielauffordernden Umgebung besch\u00e4ftigen. Unsere Einrichtung bietet viel Raum f\u00fcr <a title=\"Bewegung\" href=\"http:\/\/www.kita-krambambuli.de\/wordpress\/?page_id=157\">Bewegung<\/a> (z.B. Turnraum mit Kletterwand, gro\u00dfes Au\u00dfengel\u00e4nde) und Kreativit\u00e4t (vielf\u00e4ltige Bastelangebote, Lego-Ecke, Puppen-Ecke u.v.m.). Weiterhin bieten wir regelm\u00e4\u00dfige <a title=\"Neigungsgruppen\" href=\"http:\/\/www.kita-krambambuli.de\/wordpress\/?page_id=118\">Neigungsgruppen<\/a> an, die Ihr Kind in seinen speziellen Interessen f\u00f6rdern sollen. Unsere Vorschulkinder werden in der\u00a0\u201e<a title=\"Dino-Gruppe\" href=\"http:\/\/www.kita-krambambuli.de\/wordpress\/?page_id=219\">Dinogruppe<\/a>\u201c gezielt auf den Schulbeginn vorbereitet.<\/p>\n<p>Selbstverst\u00e4ndlich legen wir gro\u00dfen Wert auf das freundliche Miteinander, sodass nicht nur das Begr\u00fc\u00dfen und Verabschieden, sondern auch altersgerechte Tischmanieren in der Gruppe spielerisch ge\u00fcbt und vorgelebt werden.<\/p>\n","protected":false},"excerpt":{"rendered":"<p>Unser Kindergarten betreut in drei Stammgruppen insgesamt um die 60 Kinder, sodass jede Gruppe etwa 20 \u201eKinderst\u00e4rken\u201c aufweist.\u00a0 In diesen altersgemischten Gruppen befinden sich Kinder ab 3 Jahren bis zum \u00dcbergang in die Grundschule. Die Kinder k\u00f6nnen sich in einer &hellip; <a href=\"https:\/\/kita-krambambuli.de\/wordpress\/?page_id=80\">Weiterlesen <span class=\"meta-nav\">&rarr;<\/span><\/a><\/p>\n","protected":false},"author":1,"featured_media":0,"parent":0,"menu_order":0,"comment_status":"closed","ping_status":"closed","template":"","meta":{"_mc_calendar":[],"footnotes":""},"class_list":["post-80","page","type-page","status-publish","hentry"],"_links":{"self":[{"href":"https:\/\/kita-krambambuli.de\/wordpress\/index.php?rest_route=\/wp\/v2\/pages\/80","targetHints":{"allow":["GET"]}}],"collection":[{"href":"https:\/\/kita-krambambuli.de\/wordpress\/index.php?rest_route=\/wp\/v2\/pages"}],"about":[{"href":"https:\/\/kita-krambambuli.de\/wordpress\/index.php?rest_route=\/wp\/v2\/types\/page"}],"author":[{"embeddable":true,"href":"https:\/\/kita-krambambuli.de\/wordpress\/index.php?rest_route=\/wp\/v2\/users\/1"}],"replies":[{"embeddable":true,"href":"https:\/\/kita-krambambuli.de\/wordpress\/index.php?rest_route=%2Fwp%2Fv2%2Fcomments&post=80"}],"version-history":[{"count":0,"href":"https:\/\/kita-krambambuli.de\/wordpress\/index.php?rest_route=\/wp\/v2\/pages\/80\/revisions"}],"wp:attachment":[{"href":"https:\/\/kita-krambambuli.de\/wordpress\/index.php?rest_route=%2Fwp%2Fv2%2Fmedia&parent=80"}],"curies":[{"name":"wp","href":"https:\/\/api.w.org\/{rel}","templated":true}]}}