{"id":751,"date":"2015-09-02T16:55:20","date_gmt":"2015-09-02T14:55:20","guid":{"rendered":"http:\/\/kita-krambambuli.de\/wordpress\/?page_id=751"},"modified":"2021-01-25T18:00:13","modified_gmt":"2021-01-25T17:00:13","slug":"flohmarkt","status":"publish","type":"page","link":"https:\/\/kita-krambambuli.de\/wordpress\/?page_id=751","title":{"rendered":"Geplante Veranstaltungen"},"content":{"rendered":"<p>Leider sind aufgrund der aktuellen Situation alle geplanten Veranstaltungen und Projekte ausgefallen.<\/p>\n<p>Hinter den Kulissen wird an Vorschl\u00e4gen und Ideen gearbeitet. Gerne k\u00f6nnen Sie uns Ihre Vorschl\u00e4ge und Gedanken zukommen lassen. Vielen Dank f\u00fcr Ihre Unterst\u00fctzung.<\/p>\n","protected":false},"excerpt":{"rendered":"<p>Leider sind aufgrund der aktuellen Situation alle geplanten Veranstaltungen und Projekte ausgefallen. Hinter den Kulissen wird an Vorschl\u00e4gen und Ideen gearbeitet. Gerne k\u00f6nnen Sie uns Ihre Vorschl\u00e4ge und Gedanken zukommen lassen. Vielen Dank f\u00fcr Ihre Unterst\u00fctzung.<\/p>\n","protected":false},"author":1,"featured_media":0,"parent":0,"menu_order":0,"comment_status":"closed","ping_status":"closed","template":"","meta":{"_mc_calendar":[],"footnotes":""},"class_list":["post-751","page","type-page","status-publish","hentry"],"_links":{"self":[{"href":"https:\/\/kita-krambambuli.de\/wordpress\/index.php?rest_route=\/wp\/v2\/pages\/751","targetHints":{"allow":["GET"]}}],"collection":[{"href":"https:\/\/kita-krambambuli.de\/wordpress\/index.php?rest_route=\/wp\/v2\/pages"}],"about":[{"href":"https:\/\/kita-krambambuli.de\/wordpress\/index.php?rest_route=\/wp\/v2\/types\/page"}],"author":[{"embeddable":true,"href":"https:\/\/kita-krambambuli.de\/wordpress\/index.php?rest_route=\/wp\/v2\/users\/1"}],"replies":[{"embeddable":true,"href":"https:\/\/kita-krambambuli.de\/wordpress\/index.php?rest_route=%2Fwp%2Fv2%2Fcomments&post=751"}],"version-history":[{"count":6,"href":"https:\/\/kita-krambambuli.de\/wordpress\/index.php?rest_route=\/wp\/v2\/pages\/751\/revisions"}],"predecessor-version":[{"id":1701,"href":"https:\/\/kita-krambambuli.de\/wordpress\/index.php?rest_route=\/wp\/v2\/pages\/751\/revisions\/1701"}],"wp:attachment":[{"href":"https:\/\/kita-krambambuli.de\/wordpress\/index.php?rest_route=%2Fwp%2Fv2%2Fmedia&parent=751"}],"curies":[{"name":"wp","href":"https:\/\/api.w.org\/{rel}","templated":true}]}}