{"id":684,"date":"2015-02-05T17:50:53","date_gmt":"2015-02-05T15:50:53","guid":{"rendered":"http:\/\/kita-krambambuli.de\/wordpress\/?page_id=684"},"modified":"2016-04-08T10:12:36","modified_gmt":"2016-04-08T08:12:36","slug":"unser-gebaeude-2","status":"publish","type":"page","link":"https:\/\/kita-krambambuli.de\/wordpress\/?page_id=684","title":{"rendered":"Unsere Kita"},"content":{"rendered":"<p><strong>Au\u00dfenansichten:<\/strong><\/p>\n<p><a href=\"https:\/\/kita-krambambuli.de\/wordpress\/wp-content\/uploads\/2015\/04\/DSC_0177-Large.jpg\" target=\"_blank\"><img loading=\"lazy\" decoding=\"async\" class=\"alignnone wp-image-734 size-medium\" src=\"https:\/\/kita-krambambuli.de\/wordpress\/wp-content\/uploads\/2015\/04\/DSC_0177-Large-168x300.jpg\" alt=\"DSC_0177 (Large)\" width=\"168\" height=\"300\" srcset=\"https:\/\/kita-krambambuli.de\/wordpress\/wp-content\/uploads\/2015\/04\/DSC_0177-Large-168x300.jpg 168w, https:\/\/kita-krambambuli.de\/wordpress\/wp-content\/uploads\/2015\/04\/DSC_0177-Large-576x1024.jpg 576w, https:\/\/kita-krambambuli.de\/wordpress\/wp-content\/uploads\/2015\/04\/DSC_0177-Large.jpg 1080w\" sizes=\"auto, (max-width: 168px) 100vw, 168px\" \/> <\/a><a href=\"https:\/\/kita-krambambuli.de\/wordpress\/wp-content\/uploads\/2015\/04\/IMG_2201-Large.jpg\" target=\"_blank\"><img loading=\"lazy\" decoding=\"async\" class=\"wp-image-728 size-medium alignright\" src=\"https:\/\/kita-krambambuli.de\/wordpress\/wp-content\/uploads\/2015\/04\/IMG_2201-Large-300x225.jpg\" alt=\"IMG_2201 (Large)\" width=\"300\" height=\"225\" srcset=\"https:\/\/kita-krambambuli.de\/wordpress\/wp-content\/uploads\/2015\/04\/IMG_2201-Large-300x225.jpg 300w, https:\/\/kita-krambambuli.de\/wordpress\/wp-content\/uploads\/2015\/04\/IMG_2201-Large-1024x768.jpg 1024w, https:\/\/kita-krambambuli.de\/wordpress\/wp-content\/uploads\/2015\/04\/IMG_2201-Large.jpg 1440w\" sizes=\"auto, (max-width: 300px) 100vw, 300px\" \/><\/a><\/p>\n<p><a href=\"https:\/\/kita-krambambuli.de\/wordpress\/wp-content\/uploads\/2015\/04\/IMG_2208-Large.jpg\" target=\"_blank\"><img loading=\"lazy\" decoding=\"async\" class=\"alignnone wp-image-732 size-medium\" src=\"https:\/\/kita-krambambuli.de\/wordpress\/wp-content\/uploads\/2015\/04\/IMG_2208-Large-225x300.jpg\" alt=\"IMG_2208 (Large)\" width=\"225\" height=\"300\" srcset=\"https:\/\/kita-krambambuli.de\/wordpress\/wp-content\/uploads\/2015\/04\/IMG_2208-Large-225x300.jpg 225w, https:\/\/kita-krambambuli.de\/wordpress\/wp-content\/uploads\/2015\/04\/IMG_2208-Large-768x1024.jpg 768w, https:\/\/kita-krambambuli.de\/wordpress\/wp-content\/uploads\/2015\/04\/IMG_2208-Large.jpg 1080w\" sizes=\"auto, (max-width: 225px) 100vw, 225px\" \/><\/a> <a href=\"https:\/\/kita-krambambuli.de\/wordpress\/wp-content\/uploads\/2015\/03\/DSC_0036.jpg\" target=\"_blank\"><img loading=\"lazy\" decoding=\"async\" class=\"wp-image-707 size-medium alignright\" src=\"https:\/\/kita-krambambuli.de\/wordpress\/wp-content\/uploads\/2015\/03\/DSC_0036-300x168.jpg\" alt=\"DSC_0036\" width=\"300\" height=\"168\" srcset=\"https:\/\/kita-krambambuli.de\/wordpress\/wp-content\/uploads\/2015\/03\/DSC_0036-300x168.jpg 300w, https:\/\/kita-krambambuli.de\/wordpress\/wp-content\/uploads\/2015\/03\/DSC_0036-1024x576.jpg 1024w\" sizes=\"auto, (max-width: 300px) 100vw, 300px\" \/><\/a><\/p>\n<p>Horteingang mit dar\u00fcberliegender Dachterasse:<\/p>\n<p><a href=\"https:\/\/kita-krambambuli.de\/wordpress\/wp-content\/uploads\/2015\/03\/DSC_0034.jpg\" target=\"_blank\"><img loading=\"lazy\" decoding=\"async\" class=\"alignnone wp-image-705 size-medium\" src=\"https:\/\/kita-krambambuli.de\/wordpress\/wp-content\/uploads\/2015\/03\/DSC_0034-300x168.jpg\" alt=\"DSC_0034\" width=\"300\" height=\"168\" srcset=\"https:\/\/kita-krambambuli.de\/wordpress\/wp-content\/uploads\/2015\/03\/DSC_0034-300x168.jpg 300w, https:\/\/kita-krambambuli.de\/wordpress\/wp-content\/uploads\/2015\/03\/DSC_0034-1024x576.jpg 1024w\" sizes=\"auto, (max-width: 300px) 100vw, 300px\" \/><\/a><\/p>\n<p><strong>Innenansichten unserer Kita<\/strong><\/p>\n<p><strong>mit den Bildungsr\u00e4umen f\u00fcr die Kinder in der Kita:<\/strong><\/p>\n<p>Bildungsraum: Atelier und Kreatives (Hort und Kita)<\/p>\n<p><a href=\"https:\/\/kita-krambambuli.de\/wordpress\/wp-content\/uploads\/2016\/04\/atelier.jpg\" rel=\"attachment wp-att-932\"><img loading=\"lazy\" decoding=\"async\" class=\" wp-image-932 alignleft\" src=\"https:\/\/kita-krambambuli.de\/wordpress\/wp-content\/uploads\/2016\/04\/atelier-300x225.jpg\" alt=\"atelier\" width=\"252\" height=\"189\" srcset=\"https:\/\/kita-krambambuli.de\/wordpress\/wp-content\/uploads\/2016\/04\/atelier-300x225.jpg 300w, https:\/\/kita-krambambuli.de\/wordpress\/wp-content\/uploads\/2016\/04\/atelier.jpg 616w\" sizes=\"auto, (max-width: 252px) 100vw, 252px\" \/><\/a><a href=\"https:\/\/kita-krambambuli.de\/wordpress\/wp-content\/uploads\/2016\/04\/kreativ.jpg\" rel=\"attachment wp-att-933\"><img loading=\"lazy\" decoding=\"async\" class=\"alignnone wp-image-933\" src=\"https:\/\/kita-krambambuli.de\/wordpress\/wp-content\/uploads\/2016\/04\/kreativ-300x225.jpg\" alt=\"kreativ\" width=\"254\" height=\"191\" srcset=\"https:\/\/kita-krambambuli.de\/wordpress\/wp-content\/uploads\/2016\/04\/kreativ-300x225.jpg 300w, https:\/\/kita-krambambuli.de\/wordpress\/wp-content\/uploads\/2016\/04\/kreativ.jpg 602w\" sizes=\"auto, (max-width: 254px) 100vw, 254px\" \/><\/a><\/p>\n<p>Bildungsraum:\u00a0 Konstruieren und Experimentieren (Kita)<\/p>\n<p><a href=\"https:\/\/kita-krambambuli.de\/wordpress\/wp-content\/uploads\/2016\/04\/konstruieren.jpg\" rel=\"attachment wp-att-934\"><img loading=\"lazy\" decoding=\"async\" class=\"alignnone wp-image-934\" src=\"https:\/\/kita-krambambuli.de\/wordpress\/wp-content\/uploads\/2016\/04\/konstruieren-300x225.jpg\" alt=\"konstruieren\" width=\"258\" height=\"193\" srcset=\"https:\/\/kita-krambambuli.de\/wordpress\/wp-content\/uploads\/2016\/04\/konstruieren-300x225.jpg 300w, https:\/\/kita-krambambuli.de\/wordpress\/wp-content\/uploads\/2016\/04\/konstruieren.jpg 609w\" sizes=\"auto, (max-width: 258px) 100vw, 258px\" \/><\/a><\/p>\n<p>Bildungsraum:\u00a0 Bauen und Konstruieren (Kita)<\/p>\n<p><a href=\"https:\/\/kita-krambambuli.de\/wordpress\/wp-content\/uploads\/2016\/04\/bauen-e1459509797655.jpg\" rel=\"attachment wp-att-938\"><img loading=\"lazy\" decoding=\"async\" class=\"alignnone wp-image-938\" src=\"https:\/\/kita-krambambuli.de\/wordpress\/wp-content\/uploads\/2016\/04\/bauen-e1459509797655-225x300.jpg\" alt=\"bauen\" width=\"179\" height=\"239\" srcset=\"https:\/\/kita-krambambuli.de\/wordpress\/wp-content\/uploads\/2016\/04\/bauen-e1459509797655-225x300.jpg 225w, https:\/\/kita-krambambuli.de\/wordpress\/wp-content\/uploads\/2016\/04\/bauen-e1459509797655.jpg 459w\" sizes=\"auto, (max-width: 179px) 100vw, 179px\" \/><\/a><\/p>\n<p>Bildungsraum:\u00a0 Rollenspiel und Verkleiden (Hort und Kita)<\/p>\n<p><a href=\"https:\/\/kita-krambambuli.de\/wordpress\/wp-content\/uploads\/2016\/04\/rollenspiel.jpg\" rel=\"attachment wp-att-939\"><img loading=\"lazy\" decoding=\"async\" class=\"alignnone wp-image-939\" src=\"https:\/\/kita-krambambuli.de\/wordpress\/wp-content\/uploads\/2016\/04\/rollenspiel-300x224.jpg\" alt=\"rollenspiel\" width=\"266\" height=\"198\" srcset=\"https:\/\/kita-krambambuli.de\/wordpress\/wp-content\/uploads\/2016\/04\/rollenspiel-300x224.jpg 300w, https:\/\/kita-krambambuli.de\/wordpress\/wp-content\/uploads\/2016\/04\/rollenspiel.jpg 655w\" sizes=\"auto, (max-width: 266px) 100vw, 266px\" \/><\/a><\/p>\n<p>Turnraum (Hort, Kita, Krippe)<\/p>\n<p><a href=\"https:\/\/kita-krambambuli.de\/wordpress\/wp-content\/uploads\/2016\/04\/kletternl-e1459509814160.jpg\" rel=\"attachment wp-att-940\"><img loading=\"lazy\" decoding=\"async\" class=\" wp-image-940 alignleft\" src=\"https:\/\/kita-krambambuli.de\/wordpress\/wp-content\/uploads\/2016\/04\/kletternl-e1459509814160-225x300.jpg\" alt=\"kletternl\" width=\"185\" height=\"247\" srcset=\"https:\/\/kita-krambambuli.de\/wordpress\/wp-content\/uploads\/2016\/04\/kletternl-e1459509814160-225x300.jpg 225w, https:\/\/kita-krambambuli.de\/wordpress\/wp-content\/uploads\/2016\/04\/kletternl-e1459509814160.jpg 370w\" sizes=\"auto, (max-width: 185px) 100vw, 185px\" \/><\/a><\/p>\n<p><a href=\"https:\/\/kita-krambambuli.de\/wordpress\/wp-content\/uploads\/2016\/04\/turnen.jpg\" rel=\"attachment wp-att-941\"><img loading=\"lazy\" decoding=\"async\" class=\"wp-image-941 alignnone\" src=\"https:\/\/kita-krambambuli.de\/wordpress\/wp-content\/uploads\/2016\/04\/turnen-300x225.jpg\" alt=\"turnen\" width=\"247\" height=\"185\" srcset=\"https:\/\/kita-krambambuli.de\/wordpress\/wp-content\/uploads\/2016\/04\/turnen-300x225.jpg 300w, https:\/\/kita-krambambuli.de\/wordpress\/wp-content\/uploads\/2016\/04\/turnen.jpg 652w\" sizes=\"auto, (max-width: 247px) 100vw, 247px\" \/><\/a><\/p>\n<p>&nbsp;<\/p>\n<p>Hort: Eingangsbereich<\/p>\n<p><a href=\"https:\/\/kita-krambambuli.de\/wordpress\/wp-content\/uploads\/2016\/04\/horteingang.jpg\" rel=\"attachment wp-att-935\"><img loading=\"lazy\" decoding=\"async\" class=\"alignnone wp-image-935\" src=\"https:\/\/kita-krambambuli.de\/wordpress\/wp-content\/uploads\/2016\/04\/horteingang-300x225.jpg\" alt=\"horteingang\" width=\"255\" height=\"192\" srcset=\"https:\/\/kita-krambambuli.de\/wordpress\/wp-content\/uploads\/2016\/04\/horteingang-300x225.jpg 300w, https:\/\/kita-krambambuli.de\/wordpress\/wp-content\/uploads\/2016\/04\/horteingang.jpg 518w\" sizes=\"auto, (max-width: 255px) 100vw, 255px\" \/><\/a><\/p>\n<p style=\"text-align: left;\">Krippe: Gruppenraum 1<\/p>\n<p><a href=\"https:\/\/kita-krambambuli.de\/wordpress\/wp-content\/uploads\/2016\/04\/krippenraum.jpg\" rel=\"attachment wp-att-936\"><img loading=\"lazy\" decoding=\"async\" class=\"alignnone wp-image-936\" src=\"https:\/\/kita-krambambuli.de\/wordpress\/wp-content\/uploads\/2016\/04\/krippenraum-300x225.jpg\" alt=\"krippenraum\" width=\"254\" height=\"191\" srcset=\"https:\/\/kita-krambambuli.de\/wordpress\/wp-content\/uploads\/2016\/04\/krippenraum-300x225.jpg 300w, https:\/\/kita-krambambuli.de\/wordpress\/wp-content\/uploads\/2016\/04\/krippenraum.jpg 598w\" sizes=\"auto, (max-width: 254px) 100vw, 254px\" \/><\/a><\/p>\n<p>Krippe: Gruppenraum 2<\/p>\n<p><a href=\"https:\/\/kita-krambambuli.de\/wordpress\/wp-content\/uploads\/2016\/04\/krippenraum1.jpg\" rel=\"attachment wp-att-937\"><img loading=\"lazy\" decoding=\"async\" class=\"alignnone wp-image-937\" src=\"https:\/\/kita-krambambuli.de\/wordpress\/wp-content\/uploads\/2016\/04\/krippenraum1-300x225.jpg\" alt=\"krippenraum1\" width=\"253\" height=\"190\" srcset=\"https:\/\/kita-krambambuli.de\/wordpress\/wp-content\/uploads\/2016\/04\/krippenraum1-300x225.jpg 300w, https:\/\/kita-krambambuli.de\/wordpress\/wp-content\/uploads\/2016\/04\/krippenraum1.jpg 613w\" sizes=\"auto, (max-width: 253px) 100vw, 253px\" \/><\/a><\/p>\n<p>Krippe: Atelier<\/p>\n<p><a href=\"https:\/\/kita-krambambuli.de\/wordpress\/wp-content\/uploads\/2016\/03\/Konzept2.jpg\" rel=\"attachment wp-att-881\"><img loading=\"lazy\" decoding=\"async\" class=\"alignnone wp-image-881\" src=\"https:\/\/kita-krambambuli.de\/wordpress\/wp-content\/uploads\/2016\/03\/Konzept2-300x225.jpg\" alt=\"Konzept2\" width=\"254\" height=\"190\" srcset=\"https:\/\/kita-krambambuli.de\/wordpress\/wp-content\/uploads\/2016\/03\/Konzept2-300x225.jpg 300w, https:\/\/kita-krambambuli.de\/wordpress\/wp-content\/uploads\/2016\/03\/Konzept2.jpg 504w\" sizes=\"auto, (max-width: 254px) 100vw, 254px\" \/><\/a><\/p>\n<p>Krippe Schlafraum<\/p>\n<p><a href=\"https:\/\/kita-krambambuli.de\/wordpress\/wp-content\/uploads\/2016\/04\/schlafen1.jpg\" rel=\"attachment wp-att-908\"><img loading=\"lazy\" decoding=\"async\" class=\"alignnone wp-image-908\" src=\"https:\/\/kita-krambambuli.de\/wordpress\/wp-content\/uploads\/2016\/04\/schlafen1-300x225.jpg\" alt=\"schlafen1\" width=\"256\" height=\"192\" srcset=\"https:\/\/kita-krambambuli.de\/wordpress\/wp-content\/uploads\/2016\/04\/schlafen1-300x225.jpg 300w, https:\/\/kita-krambambuli.de\/wordpress\/wp-content\/uploads\/2016\/04\/schlafen1.jpg 716w\" sizes=\"auto, (max-width: 256px) 100vw, 256px\" \/><\/a><\/p>\n","protected":false},"excerpt":{"rendered":"<p>Au\u00dfenansichten: Horteingang mit dar\u00fcberliegender Dachterasse: Innenansichten unserer Kita mit den Bildungsr\u00e4umen f\u00fcr die Kinder in der Kita: Bildungsraum: Atelier und Kreatives (Hort und Kita) Bildungsraum:\u00a0 Konstruieren und Experimentieren (Kita) Bildungsraum:\u00a0 Bauen und Konstruieren (Kita) Bildungsraum:\u00a0 Rollenspiel und Verkleiden (Hort und &hellip; <a href=\"https:\/\/kita-krambambuli.de\/wordpress\/?page_id=684\">Weiterlesen <span class=\"meta-nav\">&rarr;<\/span><\/a><\/p>\n","protected":false},"author":1,"featured_media":0,"parent":0,"menu_order":0,"comment_status":"closed","ping_status":"closed","template":"","meta":{"_mc_calendar":[],"footnotes":""},"class_list":["post-684","page","type-page","status-publish","hentry"],"_links":{"self":[{"href":"https:\/\/kita-krambambuli.de\/wordpress\/index.php?rest_route=\/wp\/v2\/pages\/684","targetHints":{"allow":["GET"]}}],"collection":[{"href":"https:\/\/kita-krambambuli.de\/wordpress\/index.php?rest_route=\/wp\/v2\/pages"}],"about":[{"href":"https:\/\/kita-krambambuli.de\/wordpress\/index.php?rest_route=\/wp\/v2\/types\/page"}],"author":[{"embeddable":true,"href":"https:\/\/kita-krambambuli.de\/wordpress\/index.php?rest_route=\/wp\/v2\/users\/1"}],"replies":[{"embeddable":true,"href":"https:\/\/kita-krambambuli.de\/wordpress\/index.php?rest_route=%2Fwp%2Fv2%2Fcomments&post=684"}],"version-history":[{"count":10,"href":"https:\/\/kita-krambambuli.de\/wordpress\/index.php?rest_route=\/wp\/v2\/pages\/684\/revisions"}],"predecessor-version":[{"id":947,"href":"https:\/\/kita-krambambuli.de\/wordpress\/index.php?rest_route=\/wp\/v2\/pages\/684\/revisions\/947"}],"wp:attachment":[{"href":"https:\/\/kita-krambambuli.de\/wordpress\/index.php?rest_route=%2Fwp%2Fv2%2Fmedia&parent=684"}],"curies":[{"name":"wp","href":"https:\/\/api.w.org\/{rel}","templated":true}]}}