{"id":231,"date":"2013-03-18T14:17:26","date_gmt":"2013-03-18T12:17:26","guid":{"rendered":"http:\/\/www.kita-krambambuli.de\/wordpress\/?page_id=231"},"modified":"2013-03-18T14:17:26","modified_gmt":"2013-03-18T12:17:26","slug":"krippenspiel","status":"publish","type":"page","link":"https:\/\/kita-krambambuli.de\/wordpress\/?page_id=231","title":{"rendered":"Krippenspiel"},"content":{"rendered":"<p>Schon seit vielen Jahren \u00fcbernimmt die Kindertagesst\u00e4tte die Auff\u00fchrung des Krippenspiels zum Familiengottesdienst am Nachmittag des 24.Dezembers.<\/p>\n<p>Bis 2009 wurde das Krippenspiel von Hortkindern aufgef\u00fchrt, seit 2009 ist das Krippenspielprojekt eine gemischte Gruppe von Kindergarten- und Hortkindern. Alle Kinder, die an diesem Projekt beteiligt sind, treffen sich ab ca. Anfang September einmal w\u00f6chentlich, um das Krippenspiel als Theaterst\u00fcck, Musical oder \u00e4hnlichem vorzubereiten und zu proben. Es ist wunderbar zu sehen, wie die Kinder sich beim Erlernen der Lieder oder der Rollen gegenseitig unterst\u00fctzen und das auch die Kleinsten ernst genommen werden.<\/p>\n<p>F\u00fcr die Kinder ist es ein st\u00e4rkendes Erlebnis wenn sie ihren ersten Auftritt \u00fcberstanden haben und mit Applaus belohnt wurden. Dies st\u00e4rkt das Selbstbewusstsein jedes Kindes, auch wenn es \u201enur\u201c im Chor mitgesungen oder eine Statistenrolle \u00fcbernommen hat. Denn auch dies ist eine tolle Leistung, wenn man bedenkt, dass die Kirche an diesem Gottesdienst meist voll besetzt ist.<\/p>\n","protected":false},"excerpt":{"rendered":"<p>Schon seit vielen Jahren \u00fcbernimmt die Kindertagesst\u00e4tte die Auff\u00fchrung des Krippenspiels zum Familiengottesdienst am Nachmittag des 24.Dezembers. Bis 2009 wurde das Krippenspiel von Hortkindern aufgef\u00fchrt, seit 2009 ist das Krippenspielprojekt eine gemischte Gruppe von Kindergarten- und Hortkindern. Alle Kinder, die &hellip; <a href=\"https:\/\/kita-krambambuli.de\/wordpress\/?page_id=231\">Weiterlesen <span class=\"meta-nav\">&rarr;<\/span><\/a><\/p>\n","protected":false},"author":1,"featured_media":0,"parent":143,"menu_order":0,"comment_status":"closed","ping_status":"closed","template":"","meta":{"_mc_calendar":[],"footnotes":""},"class_list":["post-231","page","type-page","status-publish","hentry"],"_links":{"self":[{"href":"https:\/\/kita-krambambuli.de\/wordpress\/index.php?rest_route=\/wp\/v2\/pages\/231","targetHints":{"allow":["GET"]}}],"collection":[{"href":"https:\/\/kita-krambambuli.de\/wordpress\/index.php?rest_route=\/wp\/v2\/pages"}],"about":[{"href":"https:\/\/kita-krambambuli.de\/wordpress\/index.php?rest_route=\/wp\/v2\/types\/page"}],"author":[{"embeddable":true,"href":"https:\/\/kita-krambambuli.de\/wordpress\/index.php?rest_route=\/wp\/v2\/users\/1"}],"replies":[{"embeddable":true,"href":"https:\/\/kita-krambambuli.de\/wordpress\/index.php?rest_route=%2Fwp%2Fv2%2Fcomments&post=231"}],"version-history":[{"count":0,"href":"https:\/\/kita-krambambuli.de\/wordpress\/index.php?rest_route=\/wp\/v2\/pages\/231\/revisions"}],"up":[{"embeddable":true,"href":"https:\/\/kita-krambambuli.de\/wordpress\/index.php?rest_route=\/wp\/v2\/pages\/143"}],"wp:attachment":[{"href":"https:\/\/kita-krambambuli.de\/wordpress\/index.php?rest_route=%2Fwp%2Fv2%2Fmedia&parent=231"}],"curies":[{"name":"wp","href":"https:\/\/api.w.org\/{rel}","templated":true}]}}