{"id":173,"date":"2013-03-12T14:29:04","date_gmt":"2013-03-12T12:29:04","guid":{"rendered":"http:\/\/www.kita-krambambuli.de\/wordpress\/?page_id=173"},"modified":"2013-03-12T14:29:04","modified_gmt":"2013-03-12T12:29:04","slug":"elternstammtisch","status":"publish","type":"page","link":"https:\/\/kita-krambambuli.de\/wordpress\/?page_id=173","title":{"rendered":"Elternstammtisch"},"content":{"rendered":"<p><span style=\"line-height: 1.714285714; font-size: 1rem;\">Der Elternstammtisch findet ca. alle 6 Wochen statt und wird von den Elternvertretern organisiert. \u00a0Treffpunkt ist meist der \u201eKuhstall\u201c, ein gem\u00fctliches und uriges Restaurant in Kalbach.<\/span><\/p>\n<p>Der Elternstammtisch wurde ins Leben gerufen, um den Eltern die Gelegenheit zu geben, sich mit anderen Eltern auszutauschen, die man sonst nur kurz beim Bringen oder Abholen der Kinder gesehen hat. Eingeladen sind nat\u00fcrlich nicht nur die Eltern, sondern auch die Mitarbeiter der Kindertagesst\u00e4tte oder andere Interessierte. In geselliger und gem\u00fctlicher Runde werden dann die unterschiedlichsten Dinge besprochen.<\/p>\n","protected":false},"excerpt":{"rendered":"<p>Der Elternstammtisch findet ca. alle 6 Wochen statt und wird von den Elternvertretern organisiert. \u00a0Treffpunkt ist meist der \u201eKuhstall\u201c, ein gem\u00fctliches und uriges Restaurant in Kalbach. Der Elternstammtisch wurde ins Leben gerufen, um den Eltern die Gelegenheit zu geben, sich &hellip; <a href=\"https:\/\/kita-krambambuli.de\/wordpress\/?page_id=173\">Weiterlesen <span class=\"meta-nav\">&rarr;<\/span><\/a><\/p>\n","protected":false},"author":1,"featured_media":0,"parent":92,"menu_order":4,"comment_status":"closed","ping_status":"closed","template":"","meta":{"_mc_calendar":[],"footnotes":""},"class_list":["post-173","page","type-page","status-publish","hentry"],"_links":{"self":[{"href":"https:\/\/kita-krambambuli.de\/wordpress\/index.php?rest_route=\/wp\/v2\/pages\/173","targetHints":{"allow":["GET"]}}],"collection":[{"href":"https:\/\/kita-krambambuli.de\/wordpress\/index.php?rest_route=\/wp\/v2\/pages"}],"about":[{"href":"https:\/\/kita-krambambuli.de\/wordpress\/index.php?rest_route=\/wp\/v2\/types\/page"}],"author":[{"embeddable":true,"href":"https:\/\/kita-krambambuli.de\/wordpress\/index.php?rest_route=\/wp\/v2\/users\/1"}],"replies":[{"embeddable":true,"href":"https:\/\/kita-krambambuli.de\/wordpress\/index.php?rest_route=%2Fwp%2Fv2%2Fcomments&post=173"}],"version-history":[{"count":0,"href":"https:\/\/kita-krambambuli.de\/wordpress\/index.php?rest_route=\/wp\/v2\/pages\/173\/revisions"}],"up":[{"embeddable":true,"href":"https:\/\/kita-krambambuli.de\/wordpress\/index.php?rest_route=\/wp\/v2\/pages\/92"}],"wp:attachment":[{"href":"https:\/\/kita-krambambuli.de\/wordpress\/index.php?rest_route=%2Fwp%2Fv2%2Fmedia&parent=173"}],"curies":[{"name":"wp","href":"https:\/\/api.w.org\/{rel}","templated":true}]}}