{"id":167,"date":"2013-03-12T14:20:30","date_gmt":"2013-03-12T12:20:30","guid":{"rendered":"http:\/\/www.kita-krambambuli.de\/wordpress\/?page_id=167"},"modified":"2013-03-12T14:20:30","modified_gmt":"2013-03-12T12:20:30","slug":"elternmitarbeit","status":"publish","type":"page","link":"https:\/\/kita-krambambuli.de\/wordpress\/?page_id=167","title":{"rendered":"Elternmitarbeit"},"content":{"rendered":"<p><span style=\"line-height: 1.714285714; font-size: 1rem;\">Da es uns sehr wichtig ist, nicht nur die Kinder, sondern auch ihre Familien zu kennen, pflegen wir es seit Jahren, Festivit\u00e4ten und Aktionstage auch unter Einbindung der Familien zu veranstalten: Nicht wir Erzieher organisieren Feste (Sommerfest, Weihnachtsfeier etc.) f\u00fcr die Familien, sondern wir feiern gemeinsam. So werden auch die Aufgaben mit den Eltern geteilt, sei es bei der Vorbereitung von Speisen, als auch beim Aufbau oder K\u00fcchendienst. So r\u00fccken wir ein gutes St\u00fcck n\u00e4her zusammen. Gemeinsam gestalten wir Gartentage, um unser sch\u00f6nes Au\u00dfengel\u00e4nde zu erhalten. Traditionell beteiligen sich die Eltern bei der Abschiedsfeier unserer Kindergarten- und Hortkinder auch aktiv beim Festprogramm.<\/span><\/p>\n<p>Verwiesen sei hier auf die Seiten des <a title=\"F\u00f6rderverein\" href=\"http:\/\/www.kita-krambambuli.de\/wordpress\/?page_id=95\">F\u00f6rdervereins\u00a0<\/a>und des <a title=\"Elternausschuss\" href=\"http:\/\/www.kita-krambambuli.de\/wordpress\/?page_id=169\">Elternausschusses<\/a>. Die lebhafte Arbeit in F\u00f6rderverein und Elternausschuss ist ein gutes Beispiel, wie wertvolle Mitarbeit der Eltern geleistet wird und auch noch Spa\u00df macht.<\/p>\n","protected":false},"excerpt":{"rendered":"<p>Da es uns sehr wichtig ist, nicht nur die Kinder, sondern auch ihre Familien zu kennen, pflegen wir es seit Jahren, Festivit\u00e4ten und Aktionstage auch unter Einbindung der Familien zu veranstalten: Nicht wir Erzieher organisieren Feste (Sommerfest, Weihnachtsfeier etc.) f\u00fcr &hellip; <a href=\"https:\/\/kita-krambambuli.de\/wordpress\/?page_id=167\">Weiterlesen <span class=\"meta-nav\">&rarr;<\/span><\/a><\/p>\n","protected":false},"author":1,"featured_media":0,"parent":92,"menu_order":2,"comment_status":"closed","ping_status":"closed","template":"","meta":{"_mc_calendar":[],"footnotes":""},"class_list":["post-167","page","type-page","status-publish","hentry"],"_links":{"self":[{"href":"https:\/\/kita-krambambuli.de\/wordpress\/index.php?rest_route=\/wp\/v2\/pages\/167","targetHints":{"allow":["GET"]}}],"collection":[{"href":"https:\/\/kita-krambambuli.de\/wordpress\/index.php?rest_route=\/wp\/v2\/pages"}],"about":[{"href":"https:\/\/kita-krambambuli.de\/wordpress\/index.php?rest_route=\/wp\/v2\/types\/page"}],"author":[{"embeddable":true,"href":"https:\/\/kita-krambambuli.de\/wordpress\/index.php?rest_route=\/wp\/v2\/users\/1"}],"replies":[{"embeddable":true,"href":"https:\/\/kita-krambambuli.de\/wordpress\/index.php?rest_route=%2Fwp%2Fv2%2Fcomments&post=167"}],"version-history":[{"count":0,"href":"https:\/\/kita-krambambuli.de\/wordpress\/index.php?rest_route=\/wp\/v2\/pages\/167\/revisions"}],"up":[{"embeddable":true,"href":"https:\/\/kita-krambambuli.de\/wordpress\/index.php?rest_route=\/wp\/v2\/pages\/92"}],"wp:attachment":[{"href":"https:\/\/kita-krambambuli.de\/wordpress\/index.php?rest_route=%2Fwp%2Fv2%2Fmedia&parent=167"}],"curies":[{"name":"wp","href":"https:\/\/api.w.org\/{rel}","templated":true}]}}