{"id":165,"date":"2013-03-12T14:18:54","date_gmt":"2013-03-12T12:18:54","guid":{"rendered":"http:\/\/www.kita-krambambuli.de\/wordpress\/?page_id=165"},"modified":"2013-03-12T14:18:54","modified_gmt":"2013-03-12T12:18:54","slug":"elterngesprache","status":"publish","type":"page","link":"https:\/\/kita-krambambuli.de\/wordpress\/?page_id=165","title":{"rendered":"Elterngespr\u00e4che"},"content":{"rendered":"<p><span style=\"line-height: 1.714285714; font-size: 1rem;\">Nach Absprache, mindestens einmal j\u00e4hrlich,\u00a0 nehmen wir Erzieherinnen und Erzieher uns Zeit f\u00fcr Einzelgespr\u00e4che. Ganz individuell kann so auf die spezifischen Entwicklungsschritte ihres Kindes, z.B. seine Eingew\u00f6hnung in die Gruppe, seine stark oder weniger stark entwickelten F\u00e4higkeiten (sozial, emotional oder kognitiv) eingegangen werden. Dazu nutzen wir aber gerne auch den t\u00e4glichen Kontakt, z.B. beim Bringen oder Abholen des Kindes, um \u00fcber tagesaktuell zu Berichtendes mit den Eltern zu sprechen.<\/span><\/p>\n","protected":false},"excerpt":{"rendered":"<p>Nach Absprache, mindestens einmal j\u00e4hrlich,\u00a0 nehmen wir Erzieherinnen und Erzieher uns Zeit f\u00fcr Einzelgespr\u00e4che. Ganz individuell kann so auf die spezifischen Entwicklungsschritte ihres Kindes, z.B. seine Eingew\u00f6hnung in die Gruppe, seine stark oder weniger stark entwickelten F\u00e4higkeiten (sozial, emotional oder &hellip; <a href=\"https:\/\/kita-krambambuli.de\/wordpress\/?page_id=165\">Weiterlesen <span class=\"meta-nav\">&rarr;<\/span><\/a><\/p>\n","protected":false},"author":1,"featured_media":0,"parent":92,"menu_order":1,"comment_status":"closed","ping_status":"closed","template":"","meta":{"_mc_calendar":[],"footnotes":""},"class_list":["post-165","page","type-page","status-publish","hentry"],"_links":{"self":[{"href":"https:\/\/kita-krambambuli.de\/wordpress\/index.php?rest_route=\/wp\/v2\/pages\/165","targetHints":{"allow":["GET"]}}],"collection":[{"href":"https:\/\/kita-krambambuli.de\/wordpress\/index.php?rest_route=\/wp\/v2\/pages"}],"about":[{"href":"https:\/\/kita-krambambuli.de\/wordpress\/index.php?rest_route=\/wp\/v2\/types\/page"}],"author":[{"embeddable":true,"href":"https:\/\/kita-krambambuli.de\/wordpress\/index.php?rest_route=\/wp\/v2\/users\/1"}],"replies":[{"embeddable":true,"href":"https:\/\/kita-krambambuli.de\/wordpress\/index.php?rest_route=%2Fwp%2Fv2%2Fcomments&post=165"}],"version-history":[{"count":0,"href":"https:\/\/kita-krambambuli.de\/wordpress\/index.php?rest_route=\/wp\/v2\/pages\/165\/revisions"}],"up":[{"embeddable":true,"href":"https:\/\/kita-krambambuli.de\/wordpress\/index.php?rest_route=\/wp\/v2\/pages\/92"}],"wp:attachment":[{"href":"https:\/\/kita-krambambuli.de\/wordpress\/index.php?rest_route=%2Fwp%2Fv2%2Fmedia&parent=165"}],"curies":[{"name":"wp","href":"https:\/\/api.w.org\/{rel}","templated":true}]}}