{"id":163,"date":"2013-03-12T14:17:48","date_gmt":"2013-03-12T12:17:48","guid":{"rendered":"http:\/\/www.kita-krambambuli.de\/wordpress\/?page_id=163"},"modified":"2013-03-12T14:17:48","modified_gmt":"2013-03-12T12:17:48","slug":"elternabende","status":"publish","type":"page","link":"https:\/\/kita-krambambuli.de\/wordpress\/?page_id=163","title":{"rendered":"Elternabende"},"content":{"rendered":"<p><span style=\"line-height: 1.714285714; font-size: 1rem;\">Mindestens einmal pro Jahr informieren wir Erzieherinnen und Erzieher die Eltern \u00fcber unsere p\u00e4dagogische Arbeit und f\u00fchren ein offenes Gespr\u00e4ch \u00fcber alle Fragen rund um unser Konzept, die Erziehung der Kinder und die Erwartungen der Eltern an uns.<\/span><\/p>\n","protected":false},"excerpt":{"rendered":"<p>Mindestens einmal pro Jahr informieren wir Erzieherinnen und Erzieher die Eltern \u00fcber unsere p\u00e4dagogische Arbeit und f\u00fchren ein offenes Gespr\u00e4ch \u00fcber alle Fragen rund um unser Konzept, die Erziehung der Kinder und die Erwartungen der Eltern an uns.<\/p>\n","protected":false},"author":1,"featured_media":0,"parent":92,"menu_order":0,"comment_status":"closed","ping_status":"closed","template":"","meta":{"_mc_calendar":[],"footnotes":""},"class_list":["post-163","page","type-page","status-publish","hentry"],"_links":{"self":[{"href":"https:\/\/kita-krambambuli.de\/wordpress\/index.php?rest_route=\/wp\/v2\/pages\/163","targetHints":{"allow":["GET"]}}],"collection":[{"href":"https:\/\/kita-krambambuli.de\/wordpress\/index.php?rest_route=\/wp\/v2\/pages"}],"about":[{"href":"https:\/\/kita-krambambuli.de\/wordpress\/index.php?rest_route=\/wp\/v2\/types\/page"}],"author":[{"embeddable":true,"href":"https:\/\/kita-krambambuli.de\/wordpress\/index.php?rest_route=\/wp\/v2\/users\/1"}],"replies":[{"embeddable":true,"href":"https:\/\/kita-krambambuli.de\/wordpress\/index.php?rest_route=%2Fwp%2Fv2%2Fcomments&post=163"}],"version-history":[{"count":0,"href":"https:\/\/kita-krambambuli.de\/wordpress\/index.php?rest_route=\/wp\/v2\/pages\/163\/revisions"}],"up":[{"embeddable":true,"href":"https:\/\/kita-krambambuli.de\/wordpress\/index.php?rest_route=\/wp\/v2\/pages\/92"}],"wp:attachment":[{"href":"https:\/\/kita-krambambuli.de\/wordpress\/index.php?rest_route=%2Fwp%2Fv2%2Fmedia&parent=163"}],"curies":[{"name":"wp","href":"https:\/\/api.w.org\/{rel}","templated":true}]}}