{"id":157,"date":"2013-03-09T15:03:00","date_gmt":"2013-03-09T13:03:00","guid":{"rendered":"http:\/\/www.kita-krambambuli.de\/wordpress\/?page_id=157"},"modified":"2016-04-08T10:45:19","modified_gmt":"2016-04-08T08:45:19","slug":"bewegung","status":"publish","type":"page","link":"https:\/\/kita-krambambuli.de\/wordpress\/?page_id=157","title":{"rendered":"Bewegung"},"content":{"rendered":"<p>Bewegung in der Kita <a href=\"https:\/\/kita-krambambuli.de\/wordpress\/wp-content\/uploads\/2016\/03\/Krambambuli.png\" rel=\"attachment wp-att-849\"><img loading=\"lazy\" decoding=\"async\" class=\"alignnone  wp-image-849\" src=\"https:\/\/kita-krambambuli.de\/wordpress\/wp-content\/uploads\/2016\/03\/Krambambuli.png\" alt=\"Krambambuli\" width=\"94\" height=\"17\" \/><\/a><\/p>\n<p>Bewegung wird bei uns ganz GRO\u00df geschrieben, da Kinder in aller Regel einen gro\u00dfen Bewegungsdrang haben und auch ausgeglichener sind, wenn sie sich bewegen und im Freien aufhalten k\u00f6nnen.<\/p>\n<p>So spielen unsere Krippenkinder gerne drau\u00dfen und bewegen sich auf unserem neu gestalteten Au\u00dfengel\u00e4nde. Ein Highlight f\u00fcr unsere J\u00fcngsten ist die tolle Nestschaukel und der Tunnel, die extra f\u00fcr sie angeschafft wurden. Ansonsten findet man die Krippenkinder gerne auch mal auf der Dachterrasse oder im gro\u00dfen Flur, um sich mit vielen attraktiven Fahrzeugen fortzubewegen.<\/p>\n<p>Dabei darf ein neugieriger Blick durch die gro\u00dfen runden Fenster auf die Kita- Kinder im Erdgeschoss nicht fehlen<\/p>\n<p>Neben dem einen Gruppenraum der Krippe gibt es einen Bewegungsraum, der mit Elementen aus der Pikler- P\u00e4dagogik nach Elfride Hengstenberg ausgestattet ist.<\/p>\n<p><a href=\"https:\/\/kita-krambambuli.de\/wordpress\/wp-content\/uploads\/2016\/03\/Bewegung.jpg\" rel=\"attachment wp-att-848\"><img loading=\"lazy\" decoding=\"async\" class=\"size-medium wp-image-848 aligncenter\" src=\"https:\/\/kita-krambambuli.de\/wordpress\/wp-content\/uploads\/2016\/03\/Bewegung-300x225.jpg\" alt=\"Bewegung\" width=\"300\" height=\"225\" srcset=\"https:\/\/kita-krambambuli.de\/wordpress\/wp-content\/uploads\/2016\/03\/Bewegung-300x225.jpg 300w, https:\/\/kita-krambambuli.de\/wordpress\/wp-content\/uploads\/2016\/03\/Bewegung-768x576.jpg 768w, https:\/\/kita-krambambuli.de\/wordpress\/wp-content\/uploads\/2016\/03\/Bewegung-1024x768.jpg 1024w, https:\/\/kita-krambambuli.de\/wordpress\/wp-content\/uploads\/2016\/03\/Bewegung.jpg 1243w\" sizes=\"auto, (max-width: 300px) 100vw, 300px\" \/><\/a>Gerne spielen auch mal die Krippenkinder an einem Vormittag im Turnraum der Gro\u00dfen, wenn die Kita- Kinder ihren Fr\u00fchst\u00fccksvormittag haben und die Hortkinder noch nicht von der Schule gekommen sind.<\/p>\n<p>Auf unserem gro\u00dfz\u00fcgigen Au\u00dfengel\u00e4nde finden alle Kinder unserer Kindertagesst\u00e4tte tolle Spiel- und Bewegungsm\u00f6glichkeiten auf dem eigenen. Bolzplatz, einer gro\u00dfen Rutsche, einer weiteren Schaukel, einer Wippe, einem tollen Kletterger\u00fcst, Sandk\u00e4sten und vielem mehr. Einige Ger\u00e4te wurden mit Hilfe eines K\u00fcnstlers angefertigt und tragen die Symbole wie eine Palme, den Affen oder das Pferd von Pippi Langstrumpf.<\/p>\n<p>Eine variabel aufgestellte Tischtennisplatte im Innen- oder Au\u00dfenbereich sowie eine eigens im Winter hergestellte Schlittschuhbahn auf unserem Gel\u00e4nde bietet den Kindern ein weiteres Bewegungsabenteuer.<\/p>\n<p>\u00dcber gro\u00dfe Beliebtheit freut sich auch unser gro\u00dfer Turnraum mit einer wirklich attraktiven Kletterwand, besonders auch f\u00fcr die Hortkinder, die gerne mal bis in den 1. Stock der Kita hochsteigen. Neben intensivem Fu\u00dfballspiel laden gro\u00dfe Bausteine zur weiteren Bewegung f\u00fcr die Kinder ein. Und manchmal gibt es auch einen Tanznachmittag, bei dem Stopptanzen ganz gro\u00df im Rennen ist.<\/p>\n<p>Zus\u00e4tzlich gibt es noch verschiedene <a title=\"Neigungsgruppen\" href=\"http:\/\/www.kita-krambambuli.de\/wordpress\/?page_id=118\"><span style=\"text-decoration: underline;\">Neigungsgruppen<\/span><\/a>, die eher f\u00fcr sportliche Naturen sind, wie z.B. Turngruppe, Tanzgruppe und Jungsgruppe.<\/p>\n","protected":false},"excerpt":{"rendered":"<p>Bewegung in der Kita Bewegung wird bei uns ganz GRO\u00df geschrieben, da Kinder in aller Regel einen gro\u00dfen Bewegungsdrang haben und auch ausgeglichener sind, wenn sie sich bewegen und im Freien aufhalten k\u00f6nnen. So spielen unsere Krippenkinder gerne drau\u00dfen und &hellip; <a href=\"https:\/\/kita-krambambuli.de\/wordpress\/?page_id=157\">Weiterlesen <span class=\"meta-nav\">&rarr;<\/span><\/a><\/p>\n","protected":false},"author":1,"featured_media":0,"parent":86,"menu_order":0,"comment_status":"closed","ping_status":"closed","template":"","meta":{"_mc_calendar":[],"footnotes":""},"class_list":["post-157","page","type-page","status-publish","hentry"],"_links":{"self":[{"href":"https:\/\/kita-krambambuli.de\/wordpress\/index.php?rest_route=\/wp\/v2\/pages\/157","targetHints":{"allow":["GET"]}}],"collection":[{"href":"https:\/\/kita-krambambuli.de\/wordpress\/index.php?rest_route=\/wp\/v2\/pages"}],"about":[{"href":"https:\/\/kita-krambambuli.de\/wordpress\/index.php?rest_route=\/wp\/v2\/types\/page"}],"author":[{"embeddable":true,"href":"https:\/\/kita-krambambuli.de\/wordpress\/index.php?rest_route=\/wp\/v2\/users\/1"}],"replies":[{"embeddable":true,"href":"https:\/\/kita-krambambuli.de\/wordpress\/index.php?rest_route=%2Fwp%2Fv2%2Fcomments&post=157"}],"version-history":[{"count":5,"href":"https:\/\/kita-krambambuli.de\/wordpress\/index.php?rest_route=\/wp\/v2\/pages\/157\/revisions"}],"predecessor-version":[{"id":955,"href":"https:\/\/kita-krambambuli.de\/wordpress\/index.php?rest_route=\/wp\/v2\/pages\/157\/revisions\/955"}],"up":[{"embeddable":true,"href":"https:\/\/kita-krambambuli.de\/wordpress\/index.php?rest_route=\/wp\/v2\/pages\/86"}],"wp:attachment":[{"href":"https:\/\/kita-krambambuli.de\/wordpress\/index.php?rest_route=%2Fwp%2Fv2%2Fmedia&parent=157"}],"curies":[{"name":"wp","href":"https:\/\/api.w.org\/{rel}","templated":true}]}}