{"id":155,"date":"2013-03-09T15:02:26","date_gmt":"2013-03-09T13:02:26","guid":{"rendered":"http:\/\/www.kita-krambambuli.de\/wordpress\/?page_id=155"},"modified":"2013-03-09T15:02:26","modified_gmt":"2013-03-09T13:02:26","slug":"fruhstuck","status":"publish","type":"page","link":"https:\/\/kita-krambambuli.de\/wordpress\/?page_id=155","title":{"rendered":"Fr\u00fchst\u00fcck"},"content":{"rendered":"<p><span style=\"line-height: 1.714285714; font-size: 1rem;\">Findet kein gemeinsames Fr\u00fchst\u00fcck statt, so fr\u00fchst\u00fccken die Kinder selbstbestimmt in kleinen Gruppen im Fr\u00fchst\u00fccksbereich. Nat\u00fcrlich leiten wir Erzieher die Kinder an und achten darauf, dass kein Kind im Eifer des Spielens, Tobens, Malens oder Basteln das Essen ganz vergisst.<\/span><\/p>\n","protected":false},"excerpt":{"rendered":"<p>Findet kein gemeinsames Fr\u00fchst\u00fcck statt, so fr\u00fchst\u00fccken die Kinder selbstbestimmt in kleinen Gruppen im Fr\u00fchst\u00fccksbereich. Nat\u00fcrlich leiten wir Erzieher die Kinder an und achten darauf, dass kein Kind im Eifer des Spielens, Tobens, Malens oder Basteln das Essen ganz vergisst.<\/p>\n","protected":false},"author":1,"featured_media":0,"parent":153,"menu_order":0,"comment_status":"closed","ping_status":"closed","template":"","meta":{"_mc_calendar":[],"footnotes":""},"class_list":["post-155","page","type-page","status-publish","hentry"],"_links":{"self":[{"href":"https:\/\/kita-krambambuli.de\/wordpress\/index.php?rest_route=\/wp\/v2\/pages\/155","targetHints":{"allow":["GET"]}}],"collection":[{"href":"https:\/\/kita-krambambuli.de\/wordpress\/index.php?rest_route=\/wp\/v2\/pages"}],"about":[{"href":"https:\/\/kita-krambambuli.de\/wordpress\/index.php?rest_route=\/wp\/v2\/types\/page"}],"author":[{"embeddable":true,"href":"https:\/\/kita-krambambuli.de\/wordpress\/index.php?rest_route=\/wp\/v2\/users\/1"}],"replies":[{"embeddable":true,"href":"https:\/\/kita-krambambuli.de\/wordpress\/index.php?rest_route=%2Fwp%2Fv2%2Fcomments&post=155"}],"version-history":[{"count":0,"href":"https:\/\/kita-krambambuli.de\/wordpress\/index.php?rest_route=\/wp\/v2\/pages\/155\/revisions"}],"up":[{"embeddable":true,"href":"https:\/\/kita-krambambuli.de\/wordpress\/index.php?rest_route=\/wp\/v2\/pages\/153"}],"wp:attachment":[{"href":"https:\/\/kita-krambambuli.de\/wordpress\/index.php?rest_route=%2Fwp%2Fv2%2Fmedia&parent=155"}],"curies":[{"name":"wp","href":"https:\/\/api.w.org\/{rel}","templated":true}]}}