{"id":145,"date":"2013-03-09T14:58:09","date_gmt":"2013-03-09T12:58:09","guid":{"rendered":"http:\/\/www.kita-krambambuli.de\/wordpress\/?page_id=145"},"modified":"2016-03-31T13:17:49","modified_gmt":"2016-03-31T11:17:49","slug":"eingewohnung-in-den-hort","status":"publish","type":"page","link":"https:\/\/kita-krambambuli.de\/wordpress\/?page_id=145","title":{"rendered":"Eingew\u00f6hnung"},"content":{"rendered":"<p>Mit dem Vertragsabschlussgespr\u00e4ch, das nach dem Anmelden im Kindernet zustande kommt, beginnt schon fast die Zeit im Hort. F\u00fcr die Eltern gibt es noch einen Nachmittag, um wichtige Fragen zu kl\u00e4ren und sich \u00fcber bestimmte Regelungen und Abl\u00e4ufe des Hortalltags zu informieren.<\/p>\n<p><a href=\"https:\/\/kita-krambambuli.de\/wordpress\/wp-content\/uploads\/2016\/03\/Hort1.jpg\" rel=\"attachment wp-att-857\"><img loading=\"lazy\" decoding=\"async\" class=\" wp-image-857 alignleft\" src=\"https:\/\/kita-krambambuli.de\/wordpress\/wp-content\/uploads\/2016\/03\/Hort1-300x225.jpg\" alt=\"Hort1\" width=\"233\" height=\"175\" srcset=\"https:\/\/kita-krambambuli.de\/wordpress\/wp-content\/uploads\/2016\/03\/Hort1-300x225.jpg 300w, https:\/\/kita-krambambuli.de\/wordpress\/wp-content\/uploads\/2016\/03\/Hort1.jpg 530w\" sizes=\"auto, (max-width: 233px) 100vw, 233px\" \/><\/a>Nach der Schlie\u00dfzeit im Sommer, die immer in den ersten drei Sommerferienwochen stattfindet, sind die neuen Hortkinder schon mit dabei. Da in der Ferienzeit meist nicht alle Hortkinder anwesend sind, ist die Gruppe kleiner und wir ErzieherInnen haben mehr Zeit f\u00fcr jedes Kind.<\/p>\n<p>&nbsp;<\/p>\n<p>Am ersten Tag suchen sich die Kinder ihr Ranzen- und Schuhfach aus und nehmen dann am Hort-Alltag teil.<a href=\"https:\/\/kita-krambambuli.de\/wordpress\/wp-content\/uploads\/2016\/03\/Hort2.jpg\" rel=\"attachment wp-att-858\"><img loading=\"lazy\" decoding=\"async\" class=\"wp-image-858  alignright\" src=\"https:\/\/kita-krambambuli.de\/wordpress\/wp-content\/uploads\/2016\/03\/Hort2-e1459422592909-225x300.jpg\" alt=\"Hort2\" width=\"154\" height=\"206\" srcset=\"https:\/\/kita-krambambuli.de\/wordpress\/wp-content\/uploads\/2016\/03\/Hort2-e1459422592909-225x300.jpg 225w, https:\/\/kita-krambambuli.de\/wordpress\/wp-content\/uploads\/2016\/03\/Hort2-e1459422592909.jpg 483w\" sizes=\"auto, (max-width: 154px) 100vw, 154px\" \/><\/a><\/p>\n<p>Sie k\u00f6nnen ab diesem Tag an allen Ausfl\u00fcgen und an der Hort-\u00dcbernachtung teilnehmen. Da wir immer auch ein Miteinander von Kindergarten- und Hortkindern f\u00f6rdern und in der Regel nur Kinder unserer Einrichtung aufnehmen k\u00f6nnen, kennen alle neuen Hortkinder die Hortr\u00e4ume und ErzieherInnen bereits und es bedarf in den meisten F\u00e4llen keiner gro\u00dfen Eingew\u00f6hnungsphase.<\/p>\n<p><a href=\"https:\/\/kita-krambambuli.de\/wordpress\/wp-content\/uploads\/2016\/03\/Hort3.jpg\" rel=\"attachment wp-att-859\"><img loading=\"lazy\" decoding=\"async\" class=\"wp-image-859 aligncenter\" src=\"https:\/\/kita-krambambuli.de\/wordpress\/wp-content\/uploads\/2016\/03\/Hort3-300x225.jpg\" alt=\"Hort3\" width=\"255\" height=\"191\" srcset=\"https:\/\/kita-krambambuli.de\/wordpress\/wp-content\/uploads\/2016\/03\/Hort3-300x225.jpg 300w, https:\/\/kita-krambambuli.de\/wordpress\/wp-content\/uploads\/2016\/03\/Hort3.jpg 530w\" sizes=\"auto, (max-width: 255px) 100vw, 255px\" \/><\/a>Die Kinder k\u00f6nnen sich w\u00e4hrend der 3 Wochen an den Hort-Alltag gew\u00f6hnen und Freundschaften zu den\u00a0 bereits betreuten Hortkindern aufbauen und vertiefen.<\/p>\n<p><a href=\"https:\/\/kita-krambambuli.de\/wordpress\/wp-content\/uploads\/2016\/03\/Hort4.jpg\" rel=\"attachment wp-att-860\"><img loading=\"lazy\" decoding=\"async\" class=\"size-medium wp-image-860 alignright\" src=\"https:\/\/kita-krambambuli.de\/wordpress\/wp-content\/uploads\/2016\/03\/Hort4-300x225.jpg\" alt=\"Hort4\" width=\"300\" height=\"225\" srcset=\"https:\/\/kita-krambambuli.de\/wordpress\/wp-content\/uploads\/2016\/03\/Hort4-300x225.jpg 300w, https:\/\/kita-krambambuli.de\/wordpress\/wp-content\/uploads\/2016\/03\/Hort4.jpg 652w\" sizes=\"auto, (max-width: 300px) 100vw, 300px\" \/><\/a>Um die Gruppe zu festigen, f\u00e4hrt der Hort in den Herbstferien (eine Woche von Montag bis Freitag) auf Hortfreizeit. Durch das gemeinsame Erlebnis wird die Gruppe gest\u00e4rkt und Freundschaften vertieft.<\/p>\n<p>&nbsp;<\/p>\n<p>&nbsp;<\/p>\n","protected":false},"excerpt":{"rendered":"<p>Mit dem Vertragsabschlussgespr\u00e4ch, das nach dem Anmelden im Kindernet zustande kommt, beginnt schon fast die Zeit im Hort. F\u00fcr die Eltern gibt es noch einen Nachmittag, um wichtige Fragen zu kl\u00e4ren und sich \u00fcber bestimmte Regelungen und Abl\u00e4ufe des Hortalltags &hellip; <a href=\"https:\/\/kita-krambambuli.de\/wordpress\/?page_id=145\">Weiterlesen <span class=\"meta-nav\">&rarr;<\/span><\/a><\/p>\n","protected":false},"author":1,"featured_media":0,"parent":83,"menu_order":2,"comment_status":"closed","ping_status":"closed","template":"","meta":{"_mc_calendar":[],"footnotes":""},"class_list":["post-145","page","type-page","status-publish","hentry"],"_links":{"self":[{"href":"https:\/\/kita-krambambuli.de\/wordpress\/index.php?rest_route=\/wp\/v2\/pages\/145","targetHints":{"allow":["GET"]}}],"collection":[{"href":"https:\/\/kita-krambambuli.de\/wordpress\/index.php?rest_route=\/wp\/v2\/pages"}],"about":[{"href":"https:\/\/kita-krambambuli.de\/wordpress\/index.php?rest_route=\/wp\/v2\/types\/page"}],"author":[{"embeddable":true,"href":"https:\/\/kita-krambambuli.de\/wordpress\/index.php?rest_route=\/wp\/v2\/users\/1"}],"replies":[{"embeddable":true,"href":"https:\/\/kita-krambambuli.de\/wordpress\/index.php?rest_route=%2Fwp%2Fv2%2Fcomments&post=145"}],"version-history":[{"count":2,"href":"https:\/\/kita-krambambuli.de\/wordpress\/index.php?rest_route=\/wp\/v2\/pages\/145\/revisions"}],"predecessor-version":[{"id":862,"href":"https:\/\/kita-krambambuli.de\/wordpress\/index.php?rest_route=\/wp\/v2\/pages\/145\/revisions\/862"}],"up":[{"embeddable":true,"href":"https:\/\/kita-krambambuli.de\/wordpress\/index.php?rest_route=\/wp\/v2\/pages\/83"}],"wp:attachment":[{"href":"https:\/\/kita-krambambuli.de\/wordpress\/index.php?rest_route=%2Fwp%2Fv2%2Fmedia&parent=145"}],"curies":[{"name":"wp","href":"https:\/\/api.w.org\/{rel}","templated":true}]}}