{"id":131,"date":"2013-03-08T14:04:57","date_gmt":"2013-03-08T12:04:57","guid":{"rendered":"http:\/\/www.kita-krambambuli.de\/wordpress\/?page_id=131"},"modified":"2017-04-12T09:15:57","modified_gmt":"2017-04-12T07:15:57","slug":"eingewohnung-im-kindergarten","status":"publish","type":"page","link":"https:\/\/kita-krambambuli.de\/wordpress\/?page_id=131","title":{"rendered":"Eingew\u00f6hnung"},"content":{"rendered":"<p><span style=\"line-height: 1.714285714; font-size: 1rem;\">Kita-Neulinge werden in der Kita Krambambuli behutsam und individuell eingew\u00f6hnt. Eine gute Eingew\u00f6hnung ist wichtig, damit sich Ihr Kind bei uns wohl und geborgen f\u00fchlt. Eine gelungene Eingew\u00f6hnung erleichtert auch die vertrauensvolle Zusammenarbeit mit Ihnen als Eltern.<\/span><\/p>\n<p>Sie sollten ausreichend Zeit einplanen, in der Sie Ihr Kind begleiten und\/oder Ihr Kind die Einrichtung noch nicht \u201eVollzeit\u201c besucht.<\/p>\n<p>Nach der unmittelbaren Eingew\u00f6hnungszeit wird Ihr Kind in der ein- bis zweimal w\u00f6chentlich stattfindenden <a title=\"Mini-Gruppe\" href=\"http:\/\/www.kita-krambambuli.de\/wordpress\/?page_id=221\">M\u00e4use-Gruppe<\/a> in seine Kindergartenzeit begleitet.<\/p>\n","protected":false},"excerpt":{"rendered":"<p>Kita-Neulinge werden in der Kita Krambambuli behutsam und individuell eingew\u00f6hnt. Eine gute Eingew\u00f6hnung ist wichtig, damit sich Ihr Kind bei uns wohl und geborgen f\u00fchlt. Eine gelungene Eingew\u00f6hnung erleichtert auch die vertrauensvolle Zusammenarbeit mit Ihnen als Eltern. Sie sollten ausreichend &hellip; <a href=\"https:\/\/kita-krambambuli.de\/wordpress\/?page_id=131\">Weiterlesen <span class=\"meta-nav\">&rarr;<\/span><\/a><\/p>\n","protected":false},"author":1,"featured_media":0,"parent":80,"menu_order":3,"comment_status":"closed","ping_status":"closed","template":"","meta":{"_mc_calendar":[],"footnotes":""},"class_list":["post-131","page","type-page","status-publish","hentry"],"_links":{"self":[{"href":"https:\/\/kita-krambambuli.de\/wordpress\/index.php?rest_route=\/wp\/v2\/pages\/131","targetHints":{"allow":["GET"]}}],"collection":[{"href":"https:\/\/kita-krambambuli.de\/wordpress\/index.php?rest_route=\/wp\/v2\/pages"}],"about":[{"href":"https:\/\/kita-krambambuli.de\/wordpress\/index.php?rest_route=\/wp\/v2\/types\/page"}],"author":[{"embeddable":true,"href":"https:\/\/kita-krambambuli.de\/wordpress\/index.php?rest_route=\/wp\/v2\/users\/1"}],"replies":[{"embeddable":true,"href":"https:\/\/kita-krambambuli.de\/wordpress\/index.php?rest_route=%2Fwp%2Fv2%2Fcomments&post=131"}],"version-history":[{"count":1,"href":"https:\/\/kita-krambambuli.de\/wordpress\/index.php?rest_route=\/wp\/v2\/pages\/131\/revisions"}],"predecessor-version":[{"id":1188,"href":"https:\/\/kita-krambambuli.de\/wordpress\/index.php?rest_route=\/wp\/v2\/pages\/131\/revisions\/1188"}],"up":[{"embeddable":true,"href":"https:\/\/kita-krambambuli.de\/wordpress\/index.php?rest_route=\/wp\/v2\/pages\/80"}],"wp:attachment":[{"href":"https:\/\/kita-krambambuli.de\/wordpress\/index.php?rest_route=%2Fwp%2Fv2%2Fmedia&parent=131"}],"curies":[{"name":"wp","href":"https:\/\/api.w.org\/{rel}","templated":true}]}}