{"id":1281,"date":"2017-04-12T16:55:20","date_gmt":"2017-04-12T14:55:20","guid":{"rendered":"http:\/\/kita-krambambuli.de\/wordpress\/?page_id=1281"},"modified":"2017-04-12T16:56:08","modified_gmt":"2017-04-12T14:56:08","slug":"gruppenarbeit","status":"publish","type":"page","link":"https:\/\/kita-krambambuli.de\/wordpress\/?page_id=1281","title":{"rendered":"Gruppenarbeit"},"content":{"rendered":"<p><b><a href=\"https:\/\/kita-krambambuli.de\/wordpress\/wp-content\/uploads\/2017\/04\/Sonnenblume.jpg\"><img loading=\"lazy\" decoding=\"async\" class=\"wp-image-1192 alignleft\" src=\"https:\/\/kita-krambambuli.de\/wordpress\/wp-content\/uploads\/2017\/04\/Sonnenblume-300x300.jpg\" alt=\"\" width=\"37\" height=\"37\" srcset=\"https:\/\/kita-krambambuli.de\/wordpress\/wp-content\/uploads\/2017\/04\/Sonnenblume-300x300.jpg 300w, https:\/\/kita-krambambuli.de\/wordpress\/wp-content\/uploads\/2017\/04\/Sonnenblume-150x150.jpg 150w, https:\/\/kita-krambambuli.de\/wordpress\/wp-content\/uploads\/2017\/04\/Sonnenblume.jpg 567w\" sizes=\"auto, (max-width: 37px) 100vw, 37px\" \/><\/a><\/b>In der Krippe Krambambuli gibt es Platz f\u00fcr 24 Kinder, die in <b>zwei Gruppen<\/b> betreut werden.<\/p>\n<p><b><a href=\"https:\/\/kita-krambambuli.de\/wordpress\/wp-content\/uploads\/2017\/04\/Sonnenblume.jpg\"><img loading=\"lazy\" decoding=\"async\" class=\"wp-image-1192 alignleft\" src=\"https:\/\/kita-krambambuli.de\/wordpress\/wp-content\/uploads\/2017\/04\/Sonnenblume-300x300.jpg\" alt=\"\" width=\"37\" height=\"37\" srcset=\"https:\/\/kita-krambambuli.de\/wordpress\/wp-content\/uploads\/2017\/04\/Sonnenblume-300x300.jpg 300w, https:\/\/kita-krambambuli.de\/wordpress\/wp-content\/uploads\/2017\/04\/Sonnenblume-150x150.jpg 150w, https:\/\/kita-krambambuli.de\/wordpress\/wp-content\/uploads\/2017\/04\/Sonnenblume.jpg 567w\" sizes=\"auto, (max-width: 37px) 100vw, 37px\" \/><\/a><\/b><br \/>\nEin festes Gruppengef\u00fcge gibt dem Kind Sicherheit und Stabilit\u00e4t.<\/p>\n<p><b><a href=\"https:\/\/kita-krambambuli.de\/wordpress\/wp-content\/uploads\/2017\/04\/Sonnenblume.jpg\"><img loading=\"lazy\" decoding=\"async\" class=\"wp-image-1192 alignleft\" src=\"https:\/\/kita-krambambuli.de\/wordpress\/wp-content\/uploads\/2017\/04\/Sonnenblume-300x300.jpg\" alt=\"\" width=\"37\" height=\"37\" srcset=\"https:\/\/kita-krambambuli.de\/wordpress\/wp-content\/uploads\/2017\/04\/Sonnenblume-300x300.jpg 300w, https:\/\/kita-krambambuli.de\/wordpress\/wp-content\/uploads\/2017\/04\/Sonnenblume-150x150.jpg 150w, https:\/\/kita-krambambuli.de\/wordpress\/wp-content\/uploads\/2017\/04\/Sonnenblume.jpg 567w\" sizes=\"auto, (max-width: 37px) 100vw, 37px\" \/><\/a><\/b>Je nach M\u00f6glichkeit finden gruppen\u00fcbergreifende Aktivit\u00e4ten statt,\u00a0so werden die Kinder von uns morgens im Fr\u00fchdienst (7:30-8:30 Uhr) in einer Gruppe in Empfang genommen.<\/p>\n","protected":false},"excerpt":{"rendered":"<p>In der Krippe Krambambuli gibt es Platz f\u00fcr 24 Kinder, die in zwei Gruppen betreut werden. Ein festes Gruppengef\u00fcge gibt dem Kind Sicherheit und Stabilit\u00e4t. Je nach M\u00f6glichkeit finden gruppen\u00fcbergreifende Aktivit\u00e4ten statt,\u00a0so werden die Kinder von uns morgens im Fr\u00fchdienst &hellip; <a href=\"https:\/\/kita-krambambuli.de\/wordpress\/?page_id=1281\">Weiterlesen <span class=\"meta-nav\">&rarr;<\/span><\/a><\/p>\n","protected":false},"author":1,"featured_media":0,"parent":0,"menu_order":0,"comment_status":"closed","ping_status":"closed","template":"","meta":{"_mc_calendar":[],"footnotes":""},"class_list":["post-1281","page","type-page","status-publish","hentry"],"_links":{"self":[{"href":"https:\/\/kita-krambambuli.de\/wordpress\/index.php?rest_route=\/wp\/v2\/pages\/1281","targetHints":{"allow":["GET"]}}],"collection":[{"href":"https:\/\/kita-krambambuli.de\/wordpress\/index.php?rest_route=\/wp\/v2\/pages"}],"about":[{"href":"https:\/\/kita-krambambuli.de\/wordpress\/index.php?rest_route=\/wp\/v2\/types\/page"}],"author":[{"embeddable":true,"href":"https:\/\/kita-krambambuli.de\/wordpress\/index.php?rest_route=\/wp\/v2\/users\/1"}],"replies":[{"embeddable":true,"href":"https:\/\/kita-krambambuli.de\/wordpress\/index.php?rest_route=%2Fwp%2Fv2%2Fcomments&post=1281"}],"version-history":[{"count":2,"href":"https:\/\/kita-krambambuli.de\/wordpress\/index.php?rest_route=\/wp\/v2\/pages\/1281\/revisions"}],"predecessor-version":[{"id":1283,"href":"https:\/\/kita-krambambuli.de\/wordpress\/index.php?rest_route=\/wp\/v2\/pages\/1281\/revisions\/1283"}],"wp:attachment":[{"href":"https:\/\/kita-krambambuli.de\/wordpress\/index.php?rest_route=%2Fwp%2Fv2%2Fmedia&parent=1281"}],"curies":[{"name":"wp","href":"https:\/\/api.w.org\/{rel}","templated":true}]}}