{"id":127,"date":"2013-03-08T13:59:41","date_gmt":"2013-03-08T11:59:41","guid":{"rendered":"http:\/\/www.kita-krambambuli.de\/wordpress\/?page_id=127"},"modified":"2013-03-08T13:59:41","modified_gmt":"2013-03-08T11:59:41","slug":"montagskreis","status":"publish","type":"page","link":"https:\/\/kita-krambambuli.de\/wordpress\/?page_id=127","title":{"rendered":"Montagskreis"},"content":{"rendered":"<p><span style=\"line-height: 1.714285714; font-size: 1rem;\">Am Montag Vormittag treffen sich alle Kinder in ihren Stammgruppen, um \u00fcber ihr Wochenende und die kommende Woche zu sprechen. Dies findet in einem lockeren Stuhlkreis statt.<\/span><\/p>\n<p>Die Kinder erz\u00e4hlen aufregende, sch\u00f6ne und spannende Geschichten vom Wochenende und dabei k\u00f6nnen aktuelle Themen der Kinder aufgegriffen werden.<\/p>\n<p>Wir reden au\u00dferdem dar\u00fcber, was in der kommenden Woche passiert und \u00fcberlegen was wir am Mittwoch zum gemeinsamen Fr\u00fchst\u00fcck essen m\u00f6chten.<\/p>\n","protected":false},"excerpt":{"rendered":"<p>Am Montag Vormittag treffen sich alle Kinder in ihren Stammgruppen, um \u00fcber ihr Wochenende und die kommende Woche zu sprechen. Dies findet in einem lockeren Stuhlkreis statt. Die Kinder erz\u00e4hlen aufregende, sch\u00f6ne und spannende Geschichten vom Wochenende und dabei k\u00f6nnen &hellip; <a href=\"https:\/\/kita-krambambuli.de\/wordpress\/?page_id=127\">Weiterlesen <span class=\"meta-nav\">&rarr;<\/span><\/a><\/p>\n","protected":false},"author":1,"featured_media":0,"parent":116,"menu_order":0,"comment_status":"closed","ping_status":"closed","template":"","meta":{"_mc_calendar":[],"footnotes":""},"class_list":["post-127","page","type-page","status-publish","hentry"],"_links":{"self":[{"href":"https:\/\/kita-krambambuli.de\/wordpress\/index.php?rest_route=\/wp\/v2\/pages\/127","targetHints":{"allow":["GET"]}}],"collection":[{"href":"https:\/\/kita-krambambuli.de\/wordpress\/index.php?rest_route=\/wp\/v2\/pages"}],"about":[{"href":"https:\/\/kita-krambambuli.de\/wordpress\/index.php?rest_route=\/wp\/v2\/types\/page"}],"author":[{"embeddable":true,"href":"https:\/\/kita-krambambuli.de\/wordpress\/index.php?rest_route=\/wp\/v2\/users\/1"}],"replies":[{"embeddable":true,"href":"https:\/\/kita-krambambuli.de\/wordpress\/index.php?rest_route=%2Fwp%2Fv2%2Fcomments&post=127"}],"version-history":[{"count":0,"href":"https:\/\/kita-krambambuli.de\/wordpress\/index.php?rest_route=\/wp\/v2\/pages\/127\/revisions"}],"up":[{"embeddable":true,"href":"https:\/\/kita-krambambuli.de\/wordpress\/index.php?rest_route=\/wp\/v2\/pages\/116"}],"wp:attachment":[{"href":"https:\/\/kita-krambambuli.de\/wordpress\/index.php?rest_route=%2Fwp%2Fv2%2Fmedia&parent=127"}],"curies":[{"name":"wp","href":"https:\/\/api.w.org\/{rel}","templated":true}]}}