{"id":1239,"date":"2017-04-12T15:11:22","date_gmt":"2017-04-12T13:11:22","guid":{"rendered":"http:\/\/kita-krambambuli.de\/wordpress\/?page_id=1239"},"modified":"2017-04-12T15:11:22","modified_gmt":"2017-04-12T13:11:22","slug":"musik","status":"publish","type":"page","link":"https:\/\/kita-krambambuli.de\/wordpress\/?page_id=1239","title":{"rendered":"Musik"},"content":{"rendered":"<p><b><a href=\"https:\/\/kita-krambambuli.de\/wordpress\/wp-content\/uploads\/2017\/04\/Sonnenblume.jpg\"><img loading=\"lazy\" decoding=\"async\" class=\"wp-image-1192 alignleft\" src=\"https:\/\/kita-krambambuli.de\/wordpress\/wp-content\/uploads\/2017\/04\/Sonnenblume-300x300.jpg\" alt=\"\" width=\"37\" height=\"37\" srcset=\"https:\/\/kita-krambambuli.de\/wordpress\/wp-content\/uploads\/2017\/04\/Sonnenblume-300x300.jpg 300w, https:\/\/kita-krambambuli.de\/wordpress\/wp-content\/uploads\/2017\/04\/Sonnenblume-150x150.jpg 150w, https:\/\/kita-krambambuli.de\/wordpress\/wp-content\/uploads\/2017\/04\/Sonnenblume.jpg 567w\" sizes=\"auto, (max-width: 37px) 100vw, 37px\" \/><\/a><\/b>Erste musikalische Erfahrungen sammeln die Kinder im t\u00e4glichen Morgenkreis <b>beim Singen.<\/b><\/p>\n<p><b><a href=\"https:\/\/kita-krambambuli.de\/wordpress\/wp-content\/uploads\/2017\/04\/Sonnenblume.jpg\"><img loading=\"lazy\" decoding=\"async\" class=\"wp-image-1192 alignleft\" src=\"https:\/\/kita-krambambuli.de\/wordpress\/wp-content\/uploads\/2017\/04\/Sonnenblume-300x300.jpg\" alt=\"\" width=\"37\" height=\"37\" srcset=\"https:\/\/kita-krambambuli.de\/wordpress\/wp-content\/uploads\/2017\/04\/Sonnenblume-300x300.jpg 300w, https:\/\/kita-krambambuli.de\/wordpress\/wp-content\/uploads\/2017\/04\/Sonnenblume-150x150.jpg 150w, https:\/\/kita-krambambuli.de\/wordpress\/wp-content\/uploads\/2017\/04\/Sonnenblume.jpg 567w\" sizes=\"auto, (max-width: 37px) 100vw, 37px\" \/><\/a><\/b>Auch im Musik- und B\u00fccherzimmer haben die Kinder die M\u00f6glichkeit, verschiedene Musikinstrumente und B\u00fccher kennenzulernen und auszuprobieren.<b><a href=\"https:\/\/kita-krambambuli.de\/wordpress\/wp-content\/uploads\/2017\/04\/Sonnenblume.jpg\"><br \/>\n<\/a><\/b><\/p>\n","protected":false},"excerpt":{"rendered":"<p>Erste musikalische Erfahrungen sammeln die Kinder im t\u00e4glichen Morgenkreis beim Singen. Auch im Musik- und B\u00fccherzimmer haben die Kinder die M\u00f6glichkeit, verschiedene Musikinstrumente und B\u00fccher kennenzulernen und auszuprobieren.<\/p>\n","protected":false},"author":1,"featured_media":0,"parent":0,"menu_order":0,"comment_status":"closed","ping_status":"closed","template":"","meta":{"_mc_calendar":[],"footnotes":""},"class_list":["post-1239","page","type-page","status-publish","hentry"],"_links":{"self":[{"href":"https:\/\/kita-krambambuli.de\/wordpress\/index.php?rest_route=\/wp\/v2\/pages\/1239","targetHints":{"allow":["GET"]}}],"collection":[{"href":"https:\/\/kita-krambambuli.de\/wordpress\/index.php?rest_route=\/wp\/v2\/pages"}],"about":[{"href":"https:\/\/kita-krambambuli.de\/wordpress\/index.php?rest_route=\/wp\/v2\/types\/page"}],"author":[{"embeddable":true,"href":"https:\/\/kita-krambambuli.de\/wordpress\/index.php?rest_route=\/wp\/v2\/users\/1"}],"replies":[{"embeddable":true,"href":"https:\/\/kita-krambambuli.de\/wordpress\/index.php?rest_route=%2Fwp%2Fv2%2Fcomments&post=1239"}],"version-history":[{"count":1,"href":"https:\/\/kita-krambambuli.de\/wordpress\/index.php?rest_route=\/wp\/v2\/pages\/1239\/revisions"}],"predecessor-version":[{"id":1240,"href":"https:\/\/kita-krambambuli.de\/wordpress\/index.php?rest_route=\/wp\/v2\/pages\/1239\/revisions\/1240"}],"wp:attachment":[{"href":"https:\/\/kita-krambambuli.de\/wordpress\/index.php?rest_route=%2Fwp%2Fv2%2Fmedia&parent=1239"}],"curies":[{"name":"wp","href":"https:\/\/api.w.org\/{rel}","templated":true}]}}