{"id":1223,"date":"2017-04-12T14:49:31","date_gmt":"2017-04-12T12:49:31","guid":{"rendered":"http:\/\/kita-krambambuli.de\/wordpress\/?page_id=1223"},"modified":"2017-04-12T14:56:43","modified_gmt":"2017-04-12T12:56:43","slug":"sinneserfahrung","status":"publish","type":"page","link":"https:\/\/kita-krambambuli.de\/wordpress\/?page_id=1223","title":{"rendered":"Sinneserfahrung"},"content":{"rendered":"<p><b><a href=\"https:\/\/kita-krambambuli.de\/wordpress\/wp-content\/uploads\/2017\/04\/Sonnenblume.jpg\"><img loading=\"lazy\" decoding=\"async\" class=\"wp-image-1192 alignleft\" src=\"https:\/\/kita-krambambuli.de\/wordpress\/wp-content\/uploads\/2017\/04\/Sonnenblume-300x300.jpg\" alt=\"\" width=\"37\" height=\"37\" srcset=\"https:\/\/kita-krambambuli.de\/wordpress\/wp-content\/uploads\/2017\/04\/Sonnenblume-300x300.jpg 300w, https:\/\/kita-krambambuli.de\/wordpress\/wp-content\/uploads\/2017\/04\/Sonnenblume-150x150.jpg 150w, https:\/\/kita-krambambuli.de\/wordpress\/wp-content\/uploads\/2017\/04\/Sonnenblume.jpg 567w\" sizes=\"auto, (max-width: 37px) 100vw, 37px\" \/><\/a><\/b><b>Sinneserfahrungen<\/b>\u00a0zu sammeln ist wichtig! In verschiedenen Bereichen und Situationen wird die Entwicklung der Sinne angeregt.<\/p>\n<p><a href=\"https:\/\/kita-krambambuli.de\/wordpress\/wp-content\/uploads\/2017\/04\/Ohr.jpg\"><img loading=\"lazy\" decoding=\"async\" class=\"wp-image-1229 alignnone\" src=\"https:\/\/kita-krambambuli.de\/wordpress\/wp-content\/uploads\/2017\/04\/Ohr.jpg\" alt=\"\" width=\"30\" height=\"33\" \/><\/a>\u00a0 \u00a0 H\u00f6ren: Musizieren, Vorlesen und Kommunizieren<\/p>\n<p><a href=\"https:\/\/kita-krambambuli.de\/wordpress\/wp-content\/uploads\/2017\/04\/Hand.jpg\"><img loading=\"lazy\" decoding=\"async\" class=\"wp-image-1226 alignnone\" src=\"https:\/\/kita-krambambuli.de\/wordpress\/wp-content\/uploads\/2017\/04\/Hand.jpg\" alt=\"\" width=\"33\" height=\"22\" \/><\/a>\u00a0 \u00a0F\u00fchlen: Barfu\u00df laufen im Sand, Ber\u00fchrung, Essen<\/p>\n<p><a href=\"https:\/\/kita-krambambuli.de\/wordpress\/wp-content\/uploads\/2017\/04\/Nase.jpg\"><img loading=\"lazy\" decoding=\"async\" class=\"alignnone  wp-image-1228\" src=\"https:\/\/kita-krambambuli.de\/wordpress\/wp-content\/uploads\/2017\/04\/Nase.jpg\" alt=\"\" width=\"32\" height=\"36\" \/><\/a>\u00a0 \u00a0Riechen: Seife, Blumen, Essen<\/p>\n<p><a href=\"https:\/\/kita-krambambuli.de\/wordpress\/wp-content\/uploads\/2017\/04\/Auge.jpg\"><img loading=\"lazy\" decoding=\"async\" class=\"alignnone  wp-image-1225\" src=\"https:\/\/kita-krambambuli.de\/wordpress\/wp-content\/uploads\/2017\/04\/Auge.jpg\" alt=\"\" width=\"38\" height=\"27\" \/><\/a>\u00a0 Sehen: Bilderbuch, kindliches Beobachten<\/p>\n<p><a href=\"https:\/\/kita-krambambuli.de\/wordpress\/wp-content\/uploads\/2017\/04\/Mund.png\"><img loading=\"lazy\" decoding=\"async\" class=\"alignnone  wp-image-1227\" src=\"https:\/\/kita-krambambuli.de\/wordpress\/wp-content\/uploads\/2017\/04\/Mund.png\" alt=\"\" width=\"40\" height=\"30\" \/><\/a>\u00a0 Schmecken: die Vielfalt von Essen probieren und Kennenlernen<\/p>\n","protected":false},"excerpt":{"rendered":"<p>Sinneserfahrungen\u00a0zu sammeln ist wichtig! In verschiedenen Bereichen und Situationen wird die Entwicklung der Sinne angeregt. \u00a0 \u00a0 H\u00f6ren: Musizieren, Vorlesen und Kommunizieren \u00a0 \u00a0F\u00fchlen: Barfu\u00df laufen im Sand, Ber\u00fchrung, Essen \u00a0 \u00a0Riechen: Seife, Blumen, Essen \u00a0 Sehen: Bilderbuch, kindliches Beobachten &hellip; <a href=\"https:\/\/kita-krambambuli.de\/wordpress\/?page_id=1223\">Weiterlesen <span class=\"meta-nav\">&rarr;<\/span><\/a><\/p>\n","protected":false},"author":1,"featured_media":0,"parent":0,"menu_order":0,"comment_status":"closed","ping_status":"closed","template":"","meta":{"_mc_calendar":[],"footnotes":""},"class_list":["post-1223","page","type-page","status-publish","hentry"],"_links":{"self":[{"href":"https:\/\/kita-krambambuli.de\/wordpress\/index.php?rest_route=\/wp\/v2\/pages\/1223","targetHints":{"allow":["GET"]}}],"collection":[{"href":"https:\/\/kita-krambambuli.de\/wordpress\/index.php?rest_route=\/wp\/v2\/pages"}],"about":[{"href":"https:\/\/kita-krambambuli.de\/wordpress\/index.php?rest_route=\/wp\/v2\/types\/page"}],"author":[{"embeddable":true,"href":"https:\/\/kita-krambambuli.de\/wordpress\/index.php?rest_route=\/wp\/v2\/users\/1"}],"replies":[{"embeddable":true,"href":"https:\/\/kita-krambambuli.de\/wordpress\/index.php?rest_route=%2Fwp%2Fv2%2Fcomments&post=1223"}],"version-history":[{"count":3,"href":"https:\/\/kita-krambambuli.de\/wordpress\/index.php?rest_route=\/wp\/v2\/pages\/1223\/revisions"}],"predecessor-version":[{"id":1231,"href":"https:\/\/kita-krambambuli.de\/wordpress\/index.php?rest_route=\/wp\/v2\/pages\/1223\/revisions\/1231"}],"wp:attachment":[{"href":"https:\/\/kita-krambambuli.de\/wordpress\/index.php?rest_route=%2Fwp%2Fv2%2Fmedia&parent=1223"}],"curies":[{"name":"wp","href":"https:\/\/api.w.org\/{rel}","templated":true}]}}