{"id":1214,"date":"2017-04-12T11:33:39","date_gmt":"2017-04-12T09:33:39","guid":{"rendered":"http:\/\/kita-krambambuli.de\/wordpress\/?page_id=1214"},"modified":"2017-04-26T15:16:28","modified_gmt":"2017-04-26T13:16:28","slug":"spielen","status":"publish","type":"page","link":"https:\/\/kita-krambambuli.de\/wordpress\/?page_id=1214","title":{"rendered":"Spielen"},"content":{"rendered":"<p><b><a href=\"https:\/\/kita-krambambuli.de\/wordpress\/wp-content\/uploads\/2017\/04\/Sonnenblume.jpg\"><img loading=\"lazy\" decoding=\"async\" class=\"wp-image-1192 alignleft\" src=\"https:\/\/kita-krambambuli.de\/wordpress\/wp-content\/uploads\/2017\/04\/Sonnenblume-300x300.jpg\" alt=\"\" width=\"37\" height=\"37\" srcset=\"https:\/\/kita-krambambuli.de\/wordpress\/wp-content\/uploads\/2017\/04\/Sonnenblume-300x300.jpg 300w, https:\/\/kita-krambambuli.de\/wordpress\/wp-content\/uploads\/2017\/04\/Sonnenblume-150x150.jpg 150w, https:\/\/kita-krambambuli.de\/wordpress\/wp-content\/uploads\/2017\/04\/Sonnenblume.jpg 567w\" sizes=\"auto, (max-width: 37px) 100vw, 37px\" \/><\/a><\/b>F\u00fcr die fr\u00fchkindliche Entwicklung hat <b>das Spielen<\/b> eine gro\u00dfe Bedeutung. Im Alltag findet dieses in Form von freiem Spiel in der vorbereiteten Umgebung statt, in dem das Kind selbstst\u00e4ndig entscheidet, womit es spielt. Auch in von p\u00e4dagogischen Fachkr\u00e4ften angeleiteten Spielen, wie Kreisspielen, Fingerspielen und Singspielen, spiegelt sich dies wider.<\/p>\n","protected":false},"excerpt":{"rendered":"<p>F\u00fcr die fr\u00fchkindliche Entwicklung hat das Spielen eine gro\u00dfe Bedeutung. Im Alltag findet dieses in Form von freiem Spiel in der vorbereiteten Umgebung statt, in dem das Kind selbstst\u00e4ndig entscheidet, womit es spielt. Auch in von p\u00e4dagogischen Fachkr\u00e4ften angeleiteten Spielen, &hellip; <a href=\"https:\/\/kita-krambambuli.de\/wordpress\/?page_id=1214\">Weiterlesen <span class=\"meta-nav\">&rarr;<\/span><\/a><\/p>\n","protected":false},"author":1,"featured_media":0,"parent":0,"menu_order":0,"comment_status":"closed","ping_status":"closed","template":"","meta":{"_mc_calendar":[],"footnotes":""},"class_list":["post-1214","page","type-page","status-publish","hentry"],"_links":{"self":[{"href":"https:\/\/kita-krambambuli.de\/wordpress\/index.php?rest_route=\/wp\/v2\/pages\/1214","targetHints":{"allow":["GET"]}}],"collection":[{"href":"https:\/\/kita-krambambuli.de\/wordpress\/index.php?rest_route=\/wp\/v2\/pages"}],"about":[{"href":"https:\/\/kita-krambambuli.de\/wordpress\/index.php?rest_route=\/wp\/v2\/types\/page"}],"author":[{"embeddable":true,"href":"https:\/\/kita-krambambuli.de\/wordpress\/index.php?rest_route=\/wp\/v2\/users\/1"}],"replies":[{"embeddable":true,"href":"https:\/\/kita-krambambuli.de\/wordpress\/index.php?rest_route=%2Fwp%2Fv2%2Fcomments&post=1214"}],"version-history":[{"count":5,"href":"https:\/\/kita-krambambuli.de\/wordpress\/index.php?rest_route=\/wp\/v2\/pages\/1214\/revisions"}],"predecessor-version":[{"id":1294,"href":"https:\/\/kita-krambambuli.de\/wordpress\/index.php?rest_route=\/wp\/v2\/pages\/1214\/revisions\/1294"}],"wp:attachment":[{"href":"https:\/\/kita-krambambuli.de\/wordpress\/index.php?rest_route=%2Fwp%2Fv2%2Fmedia&parent=1214"}],"curies":[{"name":"wp","href":"https:\/\/api.w.org\/{rel}","templated":true}]}}