{"id":1189,"date":"2017-04-12T09:24:52","date_gmt":"2017-04-12T07:24:52","guid":{"rendered":"http:\/\/kita-krambambuli.de\/wordpress\/?page_id=1189"},"modified":"2017-04-12T09:29:01","modified_gmt":"2017-04-12T07:29:01","slug":"konzept-der-krippe","status":"publish","type":"page","link":"https:\/\/kita-krambambuli.de\/wordpress\/?page_id=1189","title":{"rendered":"Konzept der Krippe"},"content":{"rendered":"<p><a href=\"https:\/\/kita-krambambuli.de\/wordpress\/wp-content\/uploads\/2017\/04\/Sonnenblume.jpg\"><img loading=\"lazy\" decoding=\"async\" class=\"wp-image-1192 alignright\" src=\"https:\/\/kita-krambambuli.de\/wordpress\/wp-content\/uploads\/2017\/04\/Sonnenblume-300x300.jpg\" alt=\"\" width=\"143\" height=\"143\" srcset=\"https:\/\/kita-krambambuli.de\/wordpress\/wp-content\/uploads\/2017\/04\/Sonnenblume-300x300.jpg 300w, https:\/\/kita-krambambuli.de\/wordpress\/wp-content\/uploads\/2017\/04\/Sonnenblume-150x150.jpg 150w, https:\/\/kita-krambambuli.de\/wordpress\/wp-content\/uploads\/2017\/04\/Sonnenblume.jpg 567w\" sizes=\"auto, (max-width: 143px) 100vw, 143px\" \/><\/a>Mit dieser Konzeption m\u00f6chten wir interessierten Familien einen Einblick in unsere p\u00e4dagogische Arbeit erm\u00f6glichen.<\/p>\n<p>F\u00fcr uns stellt die Konzeption die Basis f\u00fcr eine gelungene und transparente Erziehungspartnerschaft dar.<\/p>\n<p>Die Weiterentwicklung der Konzeption ist ein fortlaufender Prozess, der von uns regelm\u00e4\u00dfig \u00fcberpr\u00fcft und weiterentwickelt wird.<\/p>\n<p>Um dies zu gew\u00e4hrleisten, stehen der Einrichtung zwei Konzeptionstage im Kita-Jahr zur Verf\u00fcgung.<\/p>\n<p><strong>Vielen Dank f\u00fcr Ihr Interesse an unserer konzeptionellen Arbeit.<br \/>\nDas Krippenteam<\/strong><\/p>\n","protected":false},"excerpt":{"rendered":"<p>Mit dieser Konzeption m\u00f6chten wir interessierten Familien einen Einblick in unsere p\u00e4dagogische Arbeit erm\u00f6glichen. F\u00fcr uns stellt die Konzeption die Basis f\u00fcr eine gelungene und transparente Erziehungspartnerschaft dar. Die Weiterentwicklung der Konzeption ist ein fortlaufender Prozess, der von uns regelm\u00e4\u00dfig &hellip; <a href=\"https:\/\/kita-krambambuli.de\/wordpress\/?page_id=1189\">Weiterlesen <span class=\"meta-nav\">&rarr;<\/span><\/a><\/p>\n","protected":false},"author":1,"featured_media":0,"parent":0,"menu_order":0,"comment_status":"closed","ping_status":"closed","template":"","meta":{"_mc_calendar":[],"footnotes":""},"class_list":["post-1189","page","type-page","status-publish","hentry"],"_links":{"self":[{"href":"https:\/\/kita-krambambuli.de\/wordpress\/index.php?rest_route=\/wp\/v2\/pages\/1189","targetHints":{"allow":["GET"]}}],"collection":[{"href":"https:\/\/kita-krambambuli.de\/wordpress\/index.php?rest_route=\/wp\/v2\/pages"}],"about":[{"href":"https:\/\/kita-krambambuli.de\/wordpress\/index.php?rest_route=\/wp\/v2\/types\/page"}],"author":[{"embeddable":true,"href":"https:\/\/kita-krambambuli.de\/wordpress\/index.php?rest_route=\/wp\/v2\/users\/1"}],"replies":[{"embeddable":true,"href":"https:\/\/kita-krambambuli.de\/wordpress\/index.php?rest_route=%2Fwp%2Fv2%2Fcomments&post=1189"}],"version-history":[{"count":3,"href":"https:\/\/kita-krambambuli.de\/wordpress\/index.php?rest_route=\/wp\/v2\/pages\/1189\/revisions"}],"predecessor-version":[{"id":1194,"href":"https:\/\/kita-krambambuli.de\/wordpress\/index.php?rest_route=\/wp\/v2\/pages\/1189\/revisions\/1194"}],"wp:attachment":[{"href":"https:\/\/kita-krambambuli.de\/wordpress\/index.php?rest_route=%2Fwp%2Fv2%2Fmedia&parent=1189"}],"curies":[{"name":"wp","href":"https:\/\/api.w.org\/{rel}","templated":true}]}}