{"id":118,"date":"2013-03-07T22:58:25","date_gmt":"2013-03-07T20:58:25","guid":{"rendered":"http:\/\/www.kita-krambambuli.de\/wordpress\/?page_id=118"},"modified":"2016-09-05T17:16:27","modified_gmt":"2016-09-05T15:16:27","slug":"neigungsgruppen","status":"publish","type":"page","link":"https:\/\/kita-krambambuli.de\/wordpress\/?page_id=118","title":{"rendered":"Neigungsgruppen"},"content":{"rendered":"<p><span style=\"line-height: 1.714285714; font-size: 1rem;\">Wir bieten Ihrem Kind regelm\u00e4\u00dfige <\/span><span style=\"line-height: 1.714285714; font-size: 1rem;\">Neigungsgruppen<\/span><span style=\"line-height: 1.714285714; font-size: 1rem;\"> an, die spezielle Interessen Ihres Kindes f\u00f6rdern sollen. W\u00e4hrend z.B. unsere neuen Kindergartenkinder in der <\/span>Mini-Gruppe<span style=\"line-height: 1.714285714; font-size: 1rem;\"> u.a. behutsam auf den Kindergarten-Alltag vorbereitet werden, k\u00f6nnen die etwas gr\u00f6\u00dferen Kinder ihre Interessen beim Forschen oder Tanzen vertiefen. Unsere Vorschulkinder werden in der <\/span>Dino-Gruppe<span style=\"line-height: 1.714285714; font-size: 1rem;\">\u00a0gezielt auf den Schulbeginn vorbereitet.<\/span><\/p>\n<p>Die jeweilige Neigungsgruppe findet ein- bis zweimal w\u00f6chentlich an einem festen Termin statt.<\/p>\n<p>Weitere Informationen zu unseren Neigungsgruppen finden Sie hier:<\/p>\n<p><a title=\"Mini-Gruppe\" href=\"http:\/\/www.kita-krambambuli.de\/wordpress\/?page_id=221\">M\u00e4usegruppe<\/a><br \/>\n<a href=\"https:\/\/kita-krambambuli.de\/wordpress\/?page_id=1015\">Die Mittleren<\/a><br \/>\n<a href=\"https:\/\/kita-krambambuli.de\/wordpress\/?page_id=994\">Jungsgruppe<\/a><br \/>\n<a title=\"Dino-Gruppe\" href=\"http:\/\/www.kita-krambambuli.de\/wordpress\/?page_id=219\">Dino-Gruppe<\/a><br \/>\n<a title=\"Kleine Forscher\" href=\"http:\/\/www.kita-krambambuli.de\/wordpress\/?page_id=223\">Kleine Forscher<\/a><span style=\"text-decoration: underline;\"><br \/>\n<\/span><span style=\"text-decoration: underline;\"><br \/>\n<\/span><\/p>\n","protected":false},"excerpt":{"rendered":"<p>Wir bieten Ihrem Kind regelm\u00e4\u00dfige Neigungsgruppen an, die spezielle Interessen Ihres Kindes f\u00f6rdern sollen. W\u00e4hrend z.B. unsere neuen Kindergartenkinder in der Mini-Gruppe u.a. behutsam auf den Kindergarten-Alltag vorbereitet werden, k\u00f6nnen die etwas gr\u00f6\u00dferen Kinder ihre Interessen beim Forschen oder Tanzen &hellip; <a href=\"https:\/\/kita-krambambuli.de\/wordpress\/?page_id=118\">Weiterlesen <span class=\"meta-nav\">&rarr;<\/span><\/a><\/p>\n","protected":false},"author":1,"featured_media":0,"parent":80,"menu_order":2,"comment_status":"closed","ping_status":"closed","template":"","meta":{"_mc_calendar":[],"footnotes":""},"class_list":["post-118","page","type-page","status-publish","hentry"],"_links":{"self":[{"href":"https:\/\/kita-krambambuli.de\/wordpress\/index.php?rest_route=\/wp\/v2\/pages\/118","targetHints":{"allow":["GET"]}}],"collection":[{"href":"https:\/\/kita-krambambuli.de\/wordpress\/index.php?rest_route=\/wp\/v2\/pages"}],"about":[{"href":"https:\/\/kita-krambambuli.de\/wordpress\/index.php?rest_route=\/wp\/v2\/types\/page"}],"author":[{"embeddable":true,"href":"https:\/\/kita-krambambuli.de\/wordpress\/index.php?rest_route=\/wp\/v2\/users\/1"}],"replies":[{"embeddable":true,"href":"https:\/\/kita-krambambuli.de\/wordpress\/index.php?rest_route=%2Fwp%2Fv2%2Fcomments&post=118"}],"version-history":[{"count":6,"href":"https:\/\/kita-krambambuli.de\/wordpress\/index.php?rest_route=\/wp\/v2\/pages\/118\/revisions"}],"predecessor-version":[{"id":1020,"href":"https:\/\/kita-krambambuli.de\/wordpress\/index.php?rest_route=\/wp\/v2\/pages\/118\/revisions\/1020"}],"up":[{"embeddable":true,"href":"https:\/\/kita-krambambuli.de\/wordpress\/index.php?rest_route=\/wp\/v2\/pages\/80"}],"wp:attachment":[{"href":"https:\/\/kita-krambambuli.de\/wordpress\/index.php?rest_route=%2Fwp%2Fv2%2Fmedia&parent=118"}],"curies":[{"name":"wp","href":"https:\/\/api.w.org\/{rel}","templated":true}]}}