{"id":116,"date":"2013-03-07T22:57:57","date_gmt":"2013-03-07T20:57:57","guid":{"rendered":"http:\/\/www.kita-krambambuli.de\/wordpress\/?page_id=116"},"modified":"2013-03-07T22:57:57","modified_gmt":"2013-03-07T20:57:57","slug":"tagesablauf","status":"publish","type":"page","link":"https:\/\/kita-krambambuli.de\/wordpress\/?page_id=116","title":{"rendered":"Tagesablauf"},"content":{"rendered":"<p><span style=\"line-height: 1.714285714; font-size: 1rem;\">Der Kindergartentag<\/span><\/p>\n<p>Der Kindergartentag beginnt ab 7:30h mit dem Gebracht-Werden der Kinder. Die Kinder suchen sich ein Spielangebot, fr\u00fchst\u00fccken oder lassen sich noch einen Moment bekuscheln.<\/p>\n<p>Da der Kindergarten nach einem offenen <a title=\"Konzept\" href=\"http:\/\/www.kita-krambambuli.de\/wordpress\/?page_id=86\">Konzept <\/a>arbeitet, stehen in den verschiedenen Gruppenr\u00e4umen verschiedene Spielangebote zur Verf\u00fcgung. \u00dcber frei w\u00e4hlbare Angebote hinaus finden im Laufe des Vormittags <a title=\"Neigungsgruppen\" href=\"http:\/\/www.kita-krambambuli.de\/wordpress\/?page_id=118\"><span>Neigungsgruppen<\/span><\/a> statt und f\u00fcr die Vorschulkinder die \u201e<a title=\"Dino-Gruppe\" href=\"http:\/\/www.kita-krambambuli.de\/wordpress\/?page_id=219\">Dino-Gruppe<\/a>\u201c.<\/p>\n<p>Wenn das Wetter mitspielt, geht es nach drau\u00dfen, im Hochsommer auch schon am fr\u00fchen Morgen<span style=\"text-decoration: underline;\">.<\/span><\/p>\n<p>Um 12:00 Uhr werden die Halbtagskinder abgeholt und die Ganztagskinder essen in ihren Essgruppen zu Mittag (s.a. <a title=\"Essen und Trinken\" href=\"http:\/\/www.kita-krambambuli.de\/wordpress\/?page_id=153\">Essen und Trinken<\/a>).<\/p>\n<p>Daran schlie\u00dft sich eine Zeit ruhigen Freispiels innen oder au\u00dfen an, je nach Jahreszeit und Witterung. Um 15:00 Uhr wird \u201eKaffee getrunken\u201c. Danach folgen wieder Freispiel, Angebote und auch Projekte.<\/p>\n<p>Um 17:00 Uhr schlie\u00dft die Einrichtung.<\/p>\n","protected":false},"excerpt":{"rendered":"<p>Der Kindergartentag Der Kindergartentag beginnt ab 7:30h mit dem Gebracht-Werden der Kinder. Die Kinder suchen sich ein Spielangebot, fr\u00fchst\u00fccken oder lassen sich noch einen Moment bekuscheln. Da der Kindergarten nach einem offenen Konzept arbeitet, stehen in den verschiedenen Gruppenr\u00e4umen verschiedene &hellip; <a href=\"https:\/\/kita-krambambuli.de\/wordpress\/?page_id=116\">Weiterlesen <span class=\"meta-nav\">&rarr;<\/span><\/a><\/p>\n","protected":false},"author":1,"featured_media":0,"parent":80,"menu_order":1,"comment_status":"closed","ping_status":"closed","template":"","meta":{"_mc_calendar":[],"footnotes":""},"class_list":["post-116","page","type-page","status-publish","hentry"],"_links":{"self":[{"href":"https:\/\/kita-krambambuli.de\/wordpress\/index.php?rest_route=\/wp\/v2\/pages\/116","targetHints":{"allow":["GET"]}}],"collection":[{"href":"https:\/\/kita-krambambuli.de\/wordpress\/index.php?rest_route=\/wp\/v2\/pages"}],"about":[{"href":"https:\/\/kita-krambambuli.de\/wordpress\/index.php?rest_route=\/wp\/v2\/types\/page"}],"author":[{"embeddable":true,"href":"https:\/\/kita-krambambuli.de\/wordpress\/index.php?rest_route=\/wp\/v2\/users\/1"}],"replies":[{"embeddable":true,"href":"https:\/\/kita-krambambuli.de\/wordpress\/index.php?rest_route=%2Fwp%2Fv2%2Fcomments&post=116"}],"version-history":[{"count":0,"href":"https:\/\/kita-krambambuli.de\/wordpress\/index.php?rest_route=\/wp\/v2\/pages\/116\/revisions"}],"up":[{"embeddable":true,"href":"https:\/\/kita-krambambuli.de\/wordpress\/index.php?rest_route=\/wp\/v2\/pages\/80"}],"wp:attachment":[{"href":"https:\/\/kita-krambambuli.de\/wordpress\/index.php?rest_route=%2Fwp%2Fv2%2Fmedia&parent=116"}],"curies":[{"name":"wp","href":"https:\/\/api.w.org\/{rel}","templated":true}]}}