{"id":1112,"date":"2016-11-21T21:17:12","date_gmt":"2016-11-21T19:17:12","guid":{"rendered":"http:\/\/kita-krambambuli.de\/wordpress\/?page_id=1112"},"modified":"2016-11-21T21:47:35","modified_gmt":"2016-11-21T19:47:35","slug":"wer-sind-wir","status":"publish","type":"page","link":"https:\/\/kita-krambambuli.de\/wordpress\/?page_id=1112","title":{"rendered":"Wer sind wir?"},"content":{"rendered":"<p>Der F\u00f6rderverein besteht zum einen Teil aus den Mitgliedern, die mit Wort, Tat und Geld helfen, die Kindertagesst\u00e4tte zu unterst\u00fctzen und zum anderen Teil aus dem Vorstand, der eng mit den Erziehern zusammenarbeitet und bespricht, welche Aktionen und Projekte durch den F\u00f6rderverein unterst\u00fctzt werden k\u00f6nnen.<\/p>\n<p>Der F\u00f6rderverein Krambambuli ist im Vereinsregister Frankfurt eingetragen und beim Finanzamt als gemeinn\u00fctzig anerkannt, d.h. Spenden sind steuerlich absetzbar.<\/p>\n<p>J\u00e4hrlich findet eine Mitgliederversammlung statt, auf der u.a. der Vorstand Bericht erstattet und neue Projekte mit den Mitgliedern besprochen werden.<\/p>\n<p>Der F\u00f6rderverein ist auf das ehrenamtliche Engagement von Eltern angewiesen.<\/p>\n<p>Wir finanzieren uns aus Beitr\u00e4gen unserer Mitglieder, Spenden und aus Einnahmen, die bei Veranstaltungen erzielt werden.<\/p>\n<p><b>Unsere Ziele<\/b><\/p>\n<p>Wir m\u00f6chten die Kindertagesst\u00e4tte in ihrer p\u00e4dagogischen Arbeit durch die Bereitstellung finanzieller Mittel f\u00fcr besondere W\u00fcnsche unterst\u00fctzen.<\/p>\n<p>&nbsp;<\/p>\n","protected":false},"excerpt":{"rendered":"<p>Der F\u00f6rderverein besteht zum einen Teil aus den Mitgliedern, die mit Wort, Tat und Geld helfen, die Kindertagesst\u00e4tte zu unterst\u00fctzen und zum anderen Teil aus dem Vorstand, der eng mit den Erziehern zusammenarbeitet und bespricht, welche Aktionen und Projekte durch &hellip; <a href=\"https:\/\/kita-krambambuli.de\/wordpress\/?page_id=1112\">Weiterlesen <span class=\"meta-nav\">&rarr;<\/span><\/a><\/p>\n","protected":false},"author":1,"featured_media":0,"parent":95,"menu_order":0,"comment_status":"closed","ping_status":"closed","template":"","meta":{"_mc_calendar":[],"footnotes":""},"class_list":["post-1112","page","type-page","status-publish","hentry"],"_links":{"self":[{"href":"https:\/\/kita-krambambuli.de\/wordpress\/index.php?rest_route=\/wp\/v2\/pages\/1112","targetHints":{"allow":["GET"]}}],"collection":[{"href":"https:\/\/kita-krambambuli.de\/wordpress\/index.php?rest_route=\/wp\/v2\/pages"}],"about":[{"href":"https:\/\/kita-krambambuli.de\/wordpress\/index.php?rest_route=\/wp\/v2\/types\/page"}],"author":[{"embeddable":true,"href":"https:\/\/kita-krambambuli.de\/wordpress\/index.php?rest_route=\/wp\/v2\/users\/1"}],"replies":[{"embeddable":true,"href":"https:\/\/kita-krambambuli.de\/wordpress\/index.php?rest_route=%2Fwp%2Fv2%2Fcomments&post=1112"}],"version-history":[{"count":4,"href":"https:\/\/kita-krambambuli.de\/wordpress\/index.php?rest_route=\/wp\/v2\/pages\/1112\/revisions"}],"predecessor-version":[{"id":1125,"href":"https:\/\/kita-krambambuli.de\/wordpress\/index.php?rest_route=\/wp\/v2\/pages\/1112\/revisions\/1125"}],"up":[{"embeddable":true,"href":"https:\/\/kita-krambambuli.de\/wordpress\/index.php?rest_route=\/wp\/v2\/pages\/95"}],"wp:attachment":[{"href":"https:\/\/kita-krambambuli.de\/wordpress\/index.php?rest_route=%2Fwp%2Fv2%2Fmedia&parent=1112"}],"curies":[{"name":"wp","href":"https:\/\/api.w.org\/{rel}","templated":true}]}}